{"id":6630,"date":"2024-11-09T19:43:37","date_gmt":"2024-11-09T19:43:37","guid":{"rendered":"https:\/\/pogodba.net\/?page_id=6630"},"modified":"2024-11-09T21:15:30","modified_gmt":"2024-11-09T21:15:30","slug":"splosna-uredba-o-varstvu-podatkov","status":"publish","type":"page","link":"https:\/\/pogodba.net\/en\/splosna-uredba-o-varstvu-podatkov\/","title":{"rendered":"Splo\u0161na uredba o varstvu podatkov"},"content":{"rendered":"<div data-elementor-type=\"wp-page\" data-elementor-id=\"6630\" class=\"elementor elementor-6630\" data-elementor-settings=\"{&quot;ha_cmc_init_switcher&quot;:&quot;no&quot;}\" data-elementor-post-type=\"page\">\n\t\t\t\t\t\t<section class=\"elementor-section elementor-top-section elementor-element elementor-element-9374da8 elementor-section-boxed elementor-section-height-default elementor-section-height-default\" data-id=\"9374da8\" data-element_type=\"section\">\n\t\t\t\t\t\t<div class=\"elementor-container elementor-column-gap-default\">\n\t\t\t\t\t<div class=\"elementor-column elementor-col-100 elementor-top-column elementor-element elementor-element-4aa8b88\" data-id=\"4aa8b88\" data-element_type=\"column\">\n\t\t\t<div class=\"elementor-widget-wrap elementor-element-populated\">\n\t\t\t\t\t\t<div class=\"elementor-element elementor-element-30e025d elementor-widget elementor-widget-heading\" data-id=\"30e025d\" data-element_type=\"widget\" data-widget_type=\"heading.default\">\n\t\t\t\t<div class=\"elementor-widget-container\">\n\t\t\t\t\t<h2 class=\"elementor-heading-title elementor-size-default\">SPLO\u0160NA UREDBA O VARSTVU PODATKOV (GDPR)<\/h2>\t\t\t\t<\/div>\n\t\t\t\t<\/div>\n\t\t\t\t\t<\/div>\n\t\t<\/div>\n\t\t\t\t\t<\/div>\n\t\t<\/section>\n\t\t<div class=\"elementor-element elementor-element-dd2dbb2 e-flex e-con-boxed e-con e-parent\" data-id=\"dd2dbb2\" data-element_type=\"container\">\n\t\t\t\t\t<div class=\"e-con-inner\">\n\t\t\t\t<div class=\"elementor-element elementor-element-d4ff228 elementor-widget elementor-widget-bae-pdf-native-embedder\" data-id=\"d4ff228\" data-element_type=\"widget\" data-widget_type=\"bae-pdf-native-embedder.default\">\n\t\t\t\t<div class=\"elementor-widget-container\">\n\t\t\t\t\t\t\t<div class =\"native_style\">\n\t\t\t     \t\t<div class=\"download\">\n\t\t\t\t\t\t\t<\/div>\n\t\t<\/div>\n\t\t\t\t<div class=\"my_native\">\n\t\t\t<iframe src=\"https:\/\/pogodba.net\/wp-content\/uploads\/2024\/11\/splosna-uredba-o-varstvu-podatkov-1.pdf\"><\/iframe>\n\t\t<\/div>\n\t\t\t\t\t<\/div>\n\t\t\t\t<\/div>\n\t\t\t\t\t<\/div>\n\t\t\t\t<\/div>\n\t\t\t\t<\/div>","protected":false},"excerpt":{"rendered":"<p>SPLO\u0160NA UREDBA O VARSTVU PODATKOV (GDPR)<\/p>","protected":false},"author":1,"featured_media":0,"parent":0,"menu_order":0,"comment_status":"closed","ping_status":"closed","template":"","meta":{"footnotes":""},"class_list":["post-6630","page","type-page","status-publish","hentry"],"yoast_head":"<!-- This site is optimized with the Yoast SEO plugin v25.5 - https:\/\/yoast.com\/wordpress\/plugins\/seo\/ -->\n<title>Splo\u0161na uredba o varstvu podatkov - Pogodba.net<\/title>\n<meta name=\"description\" content=\"Splo\u0161na uredba o varstvu podatkov (GDPR), ki velja v celotni Evropski uniji, dolo\u010da pravila za varstvo osebnih podatkov posameznikov ter pravice, ki jih imajo posamezniki v zvezi s svojimi podatki. Cilj uredbe je zagotoviti enotno raven za\u0161\u010dite osebnih podatkov v EU ter pove\u010dati preglednost in nadzor posameznikov nad obdelavo njihovih podatkov. GDPR opredeljuje pravila glede pridobivanja privolitve za obdelavo podatkov, obveznosti upravljavcev in obdelovalcev podatkov, pravico do izbrisa (&quot;pravica do pozabe&quot;), pravico do prenosljivosti podatkov, ter postopke ob kr\u0161itvah varstva podatkov. Z uredbo se uvajajo stroge zahteve glede varnosti podatkov ter visoke kazni za kr\u0161itve, s \u010dimer se spodbuja odgovorno ravnanje z osebnimi podatki.\" \/>\n<meta name=\"robots\" content=\"index, follow, max-snippet:-1, max-image-preview:large, max-video-preview:-1\" \/>\n<link rel=\"canonical\" href=\"https:\/\/pogodba.net\/en\/splosna-uredba-o-varstvu-podatkov\/\" \/>\n<meta property=\"og:locale\" content=\"en_GB\" \/>\n<meta property=\"og:type\" content=\"article\" \/>\n<meta property=\"og:title\" content=\"Splo\u0161na uredba o varstvu podatkov - Pogodba.net\" \/>\n<meta property=\"og:description\" content=\"Splo\u0161na uredba o varstvu podatkov (GDPR), ki velja v celotni Evropski uniji, dolo\u010da pravila za varstvo osebnih podatkov posameznikov ter pravice, ki jih imajo posamezniki v zvezi s svojimi podatki. Cilj uredbe je zagotoviti enotno raven za\u0161\u010dite osebnih podatkov v EU ter pove\u010dati preglednost in nadzor posameznikov nad obdelavo njihovih podatkov. GDPR opredeljuje pravila glede pridobivanja privolitve za obdelavo podatkov, obveznosti upravljavcev in obdelovalcev podatkov, pravico do izbrisa (&quot;pravica do pozabe&quot;), pravico do prenosljivosti podatkov, ter postopke ob kr\u0161itvah varstva podatkov. Z uredbo se uvajajo stroge zahteve glede varnosti podatkov ter visoke kazni za kr\u0161itve, s \u010dimer se spodbuja odgovorno ravnanje z osebnimi podatki.\" \/>\n<meta property=\"og:url\" content=\"https:\/\/pogodba.net\/en\/splosna-uredba-o-varstvu-podatkov\/\" \/>\n<meta property=\"og:site_name\" content=\"Pogodba.net\" \/>\n<meta property=\"article:publisher\" content=\"https:\/\/www.facebook.com\/pogodba.net\" \/>\n<meta property=\"article:modified_time\" content=\"2024-11-09T21:15:30+00:00\" \/>\n<meta name=\"twitter:card\" content=\"summary_large_image\" \/>\n<meta name=\"twitter:label1\" content=\"Estimated reading time\" \/>\n\t<meta name=\"twitter:data1\" content=\"1 minute\" \/>\n<script type=\"application\/ld+json\" class=\"yoast-schema-graph\">{\"@context\":\"https:\/\/schema.org\",\"@graph\":[{\"@type\":\"WebPage\",\"@id\":\"https:\/\/pogodba.net\/splosna-uredba-o-varstvu-podatkov\/\",\"url\":\"https:\/\/pogodba.net\/splosna-uredba-o-varstvu-podatkov\/\",\"name\":\"Splo\u0161na uredba o varstvu podatkov - Pogodba.net\",\"isPartOf\":{\"@id\":\"https:\/\/pogodba.net\/#website\"},\"datePublished\":\"2024-11-09T19:43:37+00:00\",\"dateModified\":\"2024-11-09T21:15:30+00:00\",\"description\":\"Splo\u0161na uredba o varstvu podatkov (GDPR), ki velja v celotni Evropski uniji, dolo\u010da pravila za varstvo osebnih podatkov posameznikov ter pravice, ki jih imajo posamezniki v zvezi s svojimi podatki. Cilj uredbe je zagotoviti enotno raven za\u0161\u010dite osebnih podatkov v EU ter pove\u010dati preglednost in nadzor posameznikov nad obdelavo njihovih podatkov. GDPR opredeljuje pravila glede pridobivanja privolitve za obdelavo podatkov, obveznosti upravljavcev in obdelovalcev podatkov, pravico do izbrisa (\\\"pravica do pozabe\\\"), pravico do prenosljivosti podatkov, ter postopke ob kr\u0161itvah varstva podatkov. Z uredbo se uvajajo stroge zahteve glede varnosti podatkov ter visoke kazni za kr\u0161itve, s \u010dimer se spodbuja odgovorno ravnanje z osebnimi podatki.\",\"breadcrumb\":{\"@id\":\"https:\/\/pogodba.net\/splosna-uredba-o-varstvu-podatkov\/#breadcrumb\"},\"inLanguage\":\"en-GB\",\"potentialAction\":[{\"@type\":\"ReadAction\",\"target\":[\"https:\/\/pogodba.net\/splosna-uredba-o-varstvu-podatkov\/\"]}]},{\"@type\":\"BreadcrumbList\",\"@id\":\"https:\/\/pogodba.net\/splosna-uredba-o-varstvu-podatkov\/#breadcrumb\",\"itemListElement\":[{\"@type\":\"ListItem\",\"position\":1,\"name\":\"Domov\",\"item\":\"https:\/\/pogodba.net\/\"},{\"@type\":\"ListItem\",\"position\":2,\"name\":\"Splo\u0161na uredba o varstvu podatkov\"}]},{\"@type\":\"WebSite\",\"@id\":\"https:\/\/pogodba.net\/#website\",\"url\":\"https:\/\/pogodba.net\/\",\"name\":\"Pogodba.net\",\"description\":\"Va\u0161a modra odlo\u010ditev.\",\"publisher\":{\"@id\":\"https:\/\/pogodba.net\/#organization\"},\"potentialAction\":[{\"@type\":\"SearchAction\",\"target\":{\"@type\":\"EntryPoint\",\"urlTemplate\":\"https:\/\/pogodba.net\/?s={search_term_string}\"},\"query-input\":{\"@type\":\"PropertyValueSpecification\",\"valueRequired\":true,\"valueName\":\"search_term_string\"}}],\"inLanguage\":\"en-GB\"},{\"@type\":\"Organization\",\"@id\":\"https:\/\/pogodba.net\/#organization\",\"name\":\"Pogodba.net\",\"url\":\"https:\/\/pogodba.net\/\",\"logo\":{\"@type\":\"ImageObject\",\"inLanguage\":\"en-GB\",\"@id\":\"https:\/\/pogodba.net\/#\/schema\/logo\/image\/\",\"url\":\"https:\/\/pogodba.net\/wp-content\/uploads\/2021\/10\/Pogodba.net-logotip-modro-ozadje.svg\",\"contentUrl\":\"https:\/\/pogodba.net\/wp-content\/uploads\/2021\/10\/Pogodba.net-logotip-modro-ozadje.svg\",\"width\":500,\"height\":500,\"caption\":\"Pogodba.net\"},\"image\":{\"@id\":\"https:\/\/pogodba.net\/#\/schema\/logo\/image\/\"},\"sameAs\":[\"https:\/\/www.facebook.com\/pogodba.net\"]}]}<\/script>\n<!-- \/ Yoast SEO plugin. -->","yoast_head_json":{"title":"Splo\u0161na uredba o varstvu podatkov - Pogodba.net","description":"Splo\u0161na uredba o varstvu podatkov (GDPR), ki velja v celotni Evropski uniji, dolo\u010da pravila za varstvo osebnih podatkov posameznikov ter pravice, ki jih imajo posamezniki v zvezi s svojimi podatki. Cilj uredbe je zagotoviti enotno raven za\u0161\u010dite osebnih podatkov v EU ter pove\u010dati preglednost in nadzor posameznikov nad obdelavo njihovih podatkov. GDPR opredeljuje pravila glede pridobivanja privolitve za obdelavo podatkov, obveznosti upravljavcev in obdelovalcev podatkov, pravico do izbrisa (\"pravica do pozabe\"), pravico do prenosljivosti podatkov, ter postopke ob kr\u0161itvah varstva podatkov. Z uredbo se uvajajo stroge zahteve glede varnosti podatkov ter visoke kazni za kr\u0161itve, s \u010dimer se spodbuja odgovorno ravnanje z osebnimi podatki.","robots":{"index":"index","follow":"follow","max-snippet":"max-snippet:-1","max-image-preview":"max-image-preview:large","max-video-preview":"max-video-preview:-1"},"canonical":"https:\/\/pogodba.net\/en\/splosna-uredba-o-varstvu-podatkov\/","og_locale":"en_GB","og_type":"article","og_title":"Splo\u0161na uredba o varstvu podatkov - Pogodba.net","og_description":"Splo\u0161na uredba o varstvu podatkov (GDPR), ki velja v celotni Evropski uniji, dolo\u010da pravila za varstvo osebnih podatkov posameznikov ter pravice, ki jih imajo posamezniki v zvezi s svojimi podatki. Cilj uredbe je zagotoviti enotno raven za\u0161\u010dite osebnih podatkov v EU ter pove\u010dati preglednost in nadzor posameznikov nad obdelavo njihovih podatkov. GDPR opredeljuje pravila glede pridobivanja privolitve za obdelavo podatkov, obveznosti upravljavcev in obdelovalcev podatkov, pravico do izbrisa (\"pravica do pozabe\"), pravico do prenosljivosti podatkov, ter postopke ob kr\u0161itvah varstva podatkov. Z uredbo se uvajajo stroge zahteve glede varnosti podatkov ter visoke kazni za kr\u0161itve, s \u010dimer se spodbuja odgovorno ravnanje z osebnimi podatki.","og_url":"https:\/\/pogodba.net\/en\/splosna-uredba-o-varstvu-podatkov\/","og_site_name":"Pogodba.net","article_publisher":"https:\/\/www.facebook.com\/pogodba.net","article_modified_time":"2024-11-09T21:15:30+00:00","twitter_card":"summary_large_image","twitter_misc":{"Estimated reading time":"1 minute"},"schema":{"@context":"https:\/\/schema.org","@graph":[{"@type":"WebPage","@id":"https:\/\/pogodba.net\/splosna-uredba-o-varstvu-podatkov\/","url":"https:\/\/pogodba.net\/splosna-uredba-o-varstvu-podatkov\/","name":"Splo\u0161na uredba o varstvu podatkov - Pogodba.net","isPartOf":{"@id":"https:\/\/pogodba.net\/#website"},"datePublished":"2024-11-09T19:43:37+00:00","dateModified":"2024-11-09T21:15:30+00:00","description":"Splo\u0161na uredba o varstvu podatkov (GDPR), ki velja v celotni Evropski uniji, dolo\u010da pravila za varstvo osebnih podatkov posameznikov ter pravice, ki jih imajo posamezniki v zvezi s svojimi podatki. Cilj uredbe je zagotoviti enotno raven za\u0161\u010dite osebnih podatkov v EU ter pove\u010dati preglednost in nadzor posameznikov nad obdelavo njihovih podatkov. GDPR opredeljuje pravila glede pridobivanja privolitve za obdelavo podatkov, obveznosti upravljavcev in obdelovalcev podatkov, pravico do izbrisa (\"pravica do pozabe\"), pravico do prenosljivosti podatkov, ter postopke ob kr\u0161itvah varstva podatkov. Z uredbo se uvajajo stroge zahteve glede varnosti podatkov ter visoke kazni za kr\u0161itve, s \u010dimer se spodbuja odgovorno ravnanje z osebnimi podatki.","breadcrumb":{"@id":"https:\/\/pogodba.net\/splosna-uredba-o-varstvu-podatkov\/#breadcrumb"},"inLanguage":"en-GB","potentialAction":[{"@type":"ReadAction","target":["https:\/\/pogodba.net\/splosna-uredba-o-varstvu-podatkov\/"]}]},{"@type":"BreadcrumbList","@id":"https:\/\/pogodba.net\/splosna-uredba-o-varstvu-podatkov\/#breadcrumb","itemListElement":[{"@type":"ListItem","position":1,"name":"Domov","item":"https:\/\/pogodba.net\/"},{"@type":"ListItem","position":2,"name":"Splo\u0161na uredba o varstvu podatkov"}]},{"@type":"WebSite","@id":"https:\/\/pogodba.net\/#website","url":"https:\/\/pogodba.net\/","name":"Contract.net","description":"Va\u0161a modra odlo\u010ditev.","publisher":{"@id":"https:\/\/pogodba.net\/#organization"},"potentialAction":[{"@type":"SearchAction","target":{"@type":"EntryPoint","urlTemplate":"https:\/\/pogodba.net\/?s={search_term_string}"},"query-input":{"@type":"PropertyValueSpecification","valueRequired":true,"valueName":"search_term_string"}}],"inLanguage":"en-GB"},{"@type":"Organization","@id":"https:\/\/pogodba.net\/#organization","name":"Contract.net","url":"https:\/\/pogodba.net\/","logo":{"@type":"ImageObject","inLanguage":"en-GB","@id":"https:\/\/pogodba.net\/#\/schema\/logo\/image\/","url":"https:\/\/pogodba.net\/wp-content\/uploads\/2021\/10\/Pogodba.net-logotip-modro-ozadje.svg","contentUrl":"https:\/\/pogodba.net\/wp-content\/uploads\/2021\/10\/Pogodba.net-logotip-modro-ozadje.svg","width":500,"height":500,"caption":"Pogodba.net"},"image":{"@id":"https:\/\/pogodba.net\/#\/schema\/logo\/image\/"},"sameAs":["https:\/\/www.facebook.com\/pogodba.net"]}]}},"_links":{"self":[{"href":"https:\/\/pogodba.net\/en\/wp-json\/wp\/v2\/pages\/6630","targetHints":{"allow":["GET"]}}],"collection":[{"href":"https:\/\/pogodba.net\/en\/wp-json\/wp\/v2\/pages"}],"about":[{"href":"https:\/\/pogodba.net\/en\/wp-json\/wp\/v2\/types\/page"}],"author":[{"embeddable":true,"href":"https:\/\/pogodba.net\/en\/wp-json\/wp\/v2\/users\/1"}],"replies":[{"embeddable":true,"href":"https:\/\/pogodba.net\/en\/wp-json\/wp\/v2\/comments?post=6630"}],"version-history":[{"count":0,"href":"https:\/\/pogodba.net\/en\/wp-json\/wp\/v2\/pages\/6630\/revisions"}],"wp:attachment":[{"href":"https:\/\/pogodba.net\/en\/wp-json\/wp\/v2\/media?parent=6630"}],"curies":[{"name":"wp","href":"https:\/\/api.w.org\/{rel}","templated":true}]}}