{"id":6629,"date":"2024-11-09T19:44:00","date_gmt":"2024-11-09T19:44:00","guid":{"rendered":"https:\/\/pogodba.net\/?page_id=6629"},"modified":"2024-11-09T21:19:30","modified_gmt":"2024-11-09T21:19:30","slug":"zakon-o-prekrskih","status":"publish","type":"page","link":"https:\/\/pogodba.net\/en\/zakon-o-prekrskih\/","title":{"rendered":"Zakon o prekr\u0161kih"},"content":{"rendered":"<div data-elementor-type=\"wp-page\" data-elementor-id=\"6629\" class=\"elementor elementor-6629\" data-elementor-settings=\"{&quot;ha_cmc_init_switcher&quot;:&quot;no&quot;}\" data-elementor-post-type=\"page\">\n\t\t\t\t\t\t<section class=\"elementor-section elementor-top-section elementor-element elementor-element-9374da8 elementor-section-boxed elementor-section-height-default elementor-section-height-default\" data-id=\"9374da8\" data-element_type=\"section\">\n\t\t\t\t\t\t<div class=\"elementor-container elementor-column-gap-default\">\n\t\t\t\t\t<div class=\"elementor-column elementor-col-100 elementor-top-column elementor-element elementor-element-4aa8b88\" data-id=\"4aa8b88\" data-element_type=\"column\">\n\t\t\t<div class=\"elementor-widget-wrap elementor-element-populated\">\n\t\t\t\t\t\t<div class=\"elementor-element elementor-element-30e025d elementor-widget elementor-widget-heading\" data-id=\"30e025d\" data-element_type=\"widget\" data-widget_type=\"heading.default\">\n\t\t\t\t<div class=\"elementor-widget-container\">\n\t\t\t\t\t<h2 class=\"elementor-heading-title elementor-size-default\">ZAKON O PREKR\u0160KIH (ZP-1)<\/h2>\t\t\t\t<\/div>\n\t\t\t\t<\/div>\n\t\t\t\t\t<\/div>\n\t\t<\/div>\n\t\t\t\t\t<\/div>\n\t\t<\/section>\n\t\t<div class=\"elementor-element elementor-element-435befd e-flex e-con-boxed e-con e-parent\" data-id=\"435befd\" data-element_type=\"container\">\n\t\t\t\t\t<div class=\"e-con-inner\">\n\t\t\t\t<div class=\"elementor-element elementor-element-19a3192 elementor-widget elementor-widget-bae-doc-embedder\" data-id=\"19a3192\" data-element_type=\"widget\" data-widget_type=\"bae-doc-embedder.default\">\n\t\t\t\t<div class=\"elementor-widget-container\">\n\t\t\t\t\t      <div class=\"my-doc\">\n\t\t<iframe src=\"https:\/\/docs.google.com\/viewer?url=https:\/\/pogodba.net\/wp-content\/uploads\/2024\/11\/zakon-o-prekrskih.docx&amp;embedded=true\"  allowfullscreen>\n\t\t<\/iframe>\n\t\t<\/div>\n\t\t\t\t\t\t<\/div>\n\t\t\t\t<\/div>\n\t\t\t\t\t<\/div>\n\t\t\t\t<\/div>\n\t\t\t\t<\/div>","protected":false},"excerpt":{"rendered":"<p>ZAKON O PREKR\u0160KIH (ZP-1)<\/p>","protected":false},"author":1,"featured_media":0,"parent":0,"menu_order":0,"comment_status":"closed","ping_status":"closed","template":"","meta":{"footnotes":""},"class_list":["post-6629","page","type-page","status-publish","hentry"],"yoast_head":"<!-- This site is optimized with the Yoast SEO plugin v25.5 - https:\/\/yoast.com\/wordpress\/plugins\/seo\/ -->\n<title>Zakon o prekr\u0161kih - Pogodba.net<\/title>\n<meta name=\"description\" content=\"Zakon o prekr\u0161kih (ZP-1) ureja pravila za obravnavo prekr\u0161kov, ki so manj\u0161e kr\u0161itve zakonskih ali podzakonskih predpisov. Dolo\u010da, kaj \u0161teje za prekr\u0161ek, vrste sankcij (kot so globe, opomini, kazenske to\u010dke), postopek ugotavljanja odgovornosti ter pristojnosti organov, ki odlo\u010dajo o prekr\u0161kih. Zakon ureja tudi pravice in obveznosti storilcev prekr\u0161kov ter mo\u017enosti prito\u017ebe in sodnega varstva. Namen ZP-1 je zagotoviti pravi\u010dno, hitro in u\u010dinkovito re\u0161evanje prekr\u0161kov ter s tem prispevati k spo\u0161tovanju pravnega reda in varovanju javnega interesa.\" \/>\n<meta name=\"robots\" content=\"index, follow, max-snippet:-1, max-image-preview:large, max-video-preview:-1\" \/>\n<link rel=\"canonical\" href=\"https:\/\/pogodba.net\/en\/zakon-o-prekrskih\/\" \/>\n<meta property=\"og:locale\" content=\"en_GB\" \/>\n<meta property=\"og:type\" content=\"article\" \/>\n<meta property=\"og:title\" content=\"Zakon o prekr\u0161kih - Pogodba.net\" \/>\n<meta property=\"og:description\" content=\"Zakon o prekr\u0161kih (ZP-1) ureja pravila za obravnavo prekr\u0161kov, ki so manj\u0161e kr\u0161itve zakonskih ali podzakonskih predpisov. Dolo\u010da, kaj \u0161teje za prekr\u0161ek, vrste sankcij (kot so globe, opomini, kazenske to\u010dke), postopek ugotavljanja odgovornosti ter pristojnosti organov, ki odlo\u010dajo o prekr\u0161kih. Zakon ureja tudi pravice in obveznosti storilcev prekr\u0161kov ter mo\u017enosti prito\u017ebe in sodnega varstva. Namen ZP-1 je zagotoviti pravi\u010dno, hitro in u\u010dinkovito re\u0161evanje prekr\u0161kov ter s tem prispevati k spo\u0161tovanju pravnega reda in varovanju javnega interesa.\" \/>\n<meta property=\"og:url\" content=\"https:\/\/pogodba.net\/en\/zakon-o-prekrskih\/\" \/>\n<meta property=\"og:site_name\" content=\"Pogodba.net\" \/>\n<meta property=\"article:publisher\" content=\"https:\/\/www.facebook.com\/pogodba.net\" \/>\n<meta property=\"article:modified_time\" content=\"2024-11-09T21:19:30+00:00\" \/>\n<meta name=\"twitter:card\" content=\"summary_large_image\" \/>\n<meta name=\"twitter:label1\" content=\"Estimated reading time\" \/>\n\t<meta name=\"twitter:data1\" content=\"1 minute\" \/>\n<script type=\"application\/ld+json\" class=\"yoast-schema-graph\">{\"@context\":\"https:\/\/schema.org\",\"@graph\":[{\"@type\":\"WebPage\",\"@id\":\"https:\/\/pogodba.net\/zakon-o-prekrskih\/\",\"url\":\"https:\/\/pogodba.net\/zakon-o-prekrskih\/\",\"name\":\"Zakon o prekr\u0161kih - Pogodba.net\",\"isPartOf\":{\"@id\":\"https:\/\/pogodba.net\/#website\"},\"datePublished\":\"2024-11-09T19:44:00+00:00\",\"dateModified\":\"2024-11-09T21:19:30+00:00\",\"description\":\"Zakon o prekr\u0161kih (ZP-1) ureja pravila za obravnavo prekr\u0161kov, ki so manj\u0161e kr\u0161itve zakonskih ali podzakonskih predpisov. Dolo\u010da, kaj \u0161teje za prekr\u0161ek, vrste sankcij (kot so globe, opomini, kazenske to\u010dke), postopek ugotavljanja odgovornosti ter pristojnosti organov, ki odlo\u010dajo o prekr\u0161kih. Zakon ureja tudi pravice in obveznosti storilcev prekr\u0161kov ter mo\u017enosti prito\u017ebe in sodnega varstva. Namen ZP-1 je zagotoviti pravi\u010dno, hitro in u\u010dinkovito re\u0161evanje prekr\u0161kov ter s tem prispevati k spo\u0161tovanju pravnega reda in varovanju javnega interesa.\",\"breadcrumb\":{\"@id\":\"https:\/\/pogodba.net\/zakon-o-prekrskih\/#breadcrumb\"},\"inLanguage\":\"en-GB\",\"potentialAction\":[{\"@type\":\"ReadAction\",\"target\":[\"https:\/\/pogodba.net\/zakon-o-prekrskih\/\"]}]},{\"@type\":\"BreadcrumbList\",\"@id\":\"https:\/\/pogodba.net\/zakon-o-prekrskih\/#breadcrumb\",\"itemListElement\":[{\"@type\":\"ListItem\",\"position\":1,\"name\":\"Domov\",\"item\":\"https:\/\/pogodba.net\/\"},{\"@type\":\"ListItem\",\"position\":2,\"name\":\"Zakon o prekr\u0161kih\"}]},{\"@type\":\"WebSite\",\"@id\":\"https:\/\/pogodba.net\/#website\",\"url\":\"https:\/\/pogodba.net\/\",\"name\":\"Pogodba.net\",\"description\":\"Va\u0161a modra odlo\u010ditev.\",\"publisher\":{\"@id\":\"https:\/\/pogodba.net\/#organization\"},\"potentialAction\":[{\"@type\":\"SearchAction\",\"target\":{\"@type\":\"EntryPoint\",\"urlTemplate\":\"https:\/\/pogodba.net\/?s={search_term_string}\"},\"query-input\":{\"@type\":\"PropertyValueSpecification\",\"valueRequired\":true,\"valueName\":\"search_term_string\"}}],\"inLanguage\":\"en-GB\"},{\"@type\":\"Organization\",\"@id\":\"https:\/\/pogodba.net\/#organization\",\"name\":\"Pogodba.net\",\"url\":\"https:\/\/pogodba.net\/\",\"logo\":{\"@type\":\"ImageObject\",\"inLanguage\":\"en-GB\",\"@id\":\"https:\/\/pogodba.net\/#\/schema\/logo\/image\/\",\"url\":\"https:\/\/pogodba.net\/wp-content\/uploads\/2021\/10\/Pogodba.net-logotip-modro-ozadje.svg\",\"contentUrl\":\"https:\/\/pogodba.net\/wp-content\/uploads\/2021\/10\/Pogodba.net-logotip-modro-ozadje.svg\",\"width\":500,\"height\":500,\"caption\":\"Pogodba.net\"},\"image\":{\"@id\":\"https:\/\/pogodba.net\/#\/schema\/logo\/image\/\"},\"sameAs\":[\"https:\/\/www.facebook.com\/pogodba.net\"]}]}<\/script>\n<!-- \/ Yoast SEO plugin. -->","yoast_head_json":{"title":"Zakon o prekr\u0161kih - Pogodba.net","description":"Zakon o prekr\u0161kih (ZP-1) ureja pravila za obravnavo prekr\u0161kov, ki so manj\u0161e kr\u0161itve zakonskih ali podzakonskih predpisov. Dolo\u010da, kaj \u0161teje za prekr\u0161ek, vrste sankcij (kot so globe, opomini, kazenske to\u010dke), postopek ugotavljanja odgovornosti ter pristojnosti organov, ki odlo\u010dajo o prekr\u0161kih. Zakon ureja tudi pravice in obveznosti storilcev prekr\u0161kov ter mo\u017enosti prito\u017ebe in sodnega varstva. Namen ZP-1 je zagotoviti pravi\u010dno, hitro in u\u010dinkovito re\u0161evanje prekr\u0161kov ter s tem prispevati k spo\u0161tovanju pravnega reda in varovanju javnega interesa.","robots":{"index":"index","follow":"follow","max-snippet":"max-snippet:-1","max-image-preview":"max-image-preview:large","max-video-preview":"max-video-preview:-1"},"canonical":"https:\/\/pogodba.net\/en\/zakon-o-prekrskih\/","og_locale":"en_GB","og_type":"article","og_title":"Zakon o prekr\u0161kih - Pogodba.net","og_description":"Zakon o prekr\u0161kih (ZP-1) ureja pravila za obravnavo prekr\u0161kov, ki so manj\u0161e kr\u0161itve zakonskih ali podzakonskih predpisov. Dolo\u010da, kaj \u0161teje za prekr\u0161ek, vrste sankcij (kot so globe, opomini, kazenske to\u010dke), postopek ugotavljanja odgovornosti ter pristojnosti organov, ki odlo\u010dajo o prekr\u0161kih. Zakon ureja tudi pravice in obveznosti storilcev prekr\u0161kov ter mo\u017enosti prito\u017ebe in sodnega varstva. Namen ZP-1 je zagotoviti pravi\u010dno, hitro in u\u010dinkovito re\u0161evanje prekr\u0161kov ter s tem prispevati k spo\u0161tovanju pravnega reda in varovanju javnega interesa.","og_url":"https:\/\/pogodba.net\/en\/zakon-o-prekrskih\/","og_site_name":"Pogodba.net","article_publisher":"https:\/\/www.facebook.com\/pogodba.net","article_modified_time":"2024-11-09T21:19:30+00:00","twitter_card":"summary_large_image","twitter_misc":{"Estimated reading time":"1 minute"},"schema":{"@context":"https:\/\/schema.org","@graph":[{"@type":"WebPage","@id":"https:\/\/pogodba.net\/zakon-o-prekrskih\/","url":"https:\/\/pogodba.net\/zakon-o-prekrskih\/","name":"Zakon o prekr\u0161kih - Pogodba.net","isPartOf":{"@id":"https:\/\/pogodba.net\/#website"},"datePublished":"2024-11-09T19:44:00+00:00","dateModified":"2024-11-09T21:19:30+00:00","description":"Zakon o prekr\u0161kih (ZP-1) ureja pravila za obravnavo prekr\u0161kov, ki so manj\u0161e kr\u0161itve zakonskih ali podzakonskih predpisov. Dolo\u010da, kaj \u0161teje za prekr\u0161ek, vrste sankcij (kot so globe, opomini, kazenske to\u010dke), postopek ugotavljanja odgovornosti ter pristojnosti organov, ki odlo\u010dajo o prekr\u0161kih. Zakon ureja tudi pravice in obveznosti storilcev prekr\u0161kov ter mo\u017enosti prito\u017ebe in sodnega varstva. Namen ZP-1 je zagotoviti pravi\u010dno, hitro in u\u010dinkovito re\u0161evanje prekr\u0161kov ter s tem prispevati k spo\u0161tovanju pravnega reda in varovanju javnega interesa.","breadcrumb":{"@id":"https:\/\/pogodba.net\/zakon-o-prekrskih\/#breadcrumb"},"inLanguage":"en-GB","potentialAction":[{"@type":"ReadAction","target":["https:\/\/pogodba.net\/zakon-o-prekrskih\/"]}]},{"@type":"BreadcrumbList","@id":"https:\/\/pogodba.net\/zakon-o-prekrskih\/#breadcrumb","itemListElement":[{"@type":"ListItem","position":1,"name":"Domov","item":"https:\/\/pogodba.net\/"},{"@type":"ListItem","position":2,"name":"Zakon o prekr\u0161kih"}]},{"@type":"WebSite","@id":"https:\/\/pogodba.net\/#website","url":"https:\/\/pogodba.net\/","name":"Contract.net","description":"Va\u0161a modra odlo\u010ditev.","publisher":{"@id":"https:\/\/pogodba.net\/#organization"},"potentialAction":[{"@type":"SearchAction","target":{"@type":"EntryPoint","urlTemplate":"https:\/\/pogodba.net\/?s={search_term_string}"},"query-input":{"@type":"PropertyValueSpecification","valueRequired":true,"valueName":"search_term_string"}}],"inLanguage":"en-GB"},{"@type":"Organization","@id":"https:\/\/pogodba.net\/#organization","name":"Contract.net","url":"https:\/\/pogodba.net\/","logo":{"@type":"ImageObject","inLanguage":"en-GB","@id":"https:\/\/pogodba.net\/#\/schema\/logo\/image\/","url":"https:\/\/pogodba.net\/wp-content\/uploads\/2021\/10\/Pogodba.net-logotip-modro-ozadje.svg","contentUrl":"https:\/\/pogodba.net\/wp-content\/uploads\/2021\/10\/Pogodba.net-logotip-modro-ozadje.svg","width":500,"height":500,"caption":"Pogodba.net"},"image":{"@id":"https:\/\/pogodba.net\/#\/schema\/logo\/image\/"},"sameAs":["https:\/\/www.facebook.com\/pogodba.net"]}]}},"_links":{"self":[{"href":"https:\/\/pogodba.net\/en\/wp-json\/wp\/v2\/pages\/6629","targetHints":{"allow":["GET"]}}],"collection":[{"href":"https:\/\/pogodba.net\/en\/wp-json\/wp\/v2\/pages"}],"about":[{"href":"https:\/\/pogodba.net\/en\/wp-json\/wp\/v2\/types\/page"}],"author":[{"embeddable":true,"href":"https:\/\/pogodba.net\/en\/wp-json\/wp\/v2\/users\/1"}],"replies":[{"embeddable":true,"href":"https:\/\/pogodba.net\/en\/wp-json\/wp\/v2\/comments?post=6629"}],"version-history":[{"count":0,"href":"https:\/\/pogodba.net\/en\/wp-json\/wp\/v2\/pages\/6629\/revisions"}],"wp:attachment":[{"href":"https:\/\/pogodba.net\/en\/wp-json\/wp\/v2\/media?parent=6629"}],"curies":[{"name":"wp","href":"https:\/\/api.w.org\/{rel}","templated":true}]}}