{"id":6627,"date":"2024-11-09T19:42:18","date_gmt":"2024-11-09T19:42:18","guid":{"rendered":"https:\/\/pogodba.net\/?page_id=6627"},"modified":"2024-11-09T21:25:50","modified_gmt":"2024-11-09T21:25:50","slug":"zakon-o-varstvu-javnega-reda-in-miru","status":"publish","type":"page","link":"https:\/\/pogodba.net\/en\/zakon-o-varstvu-javnega-reda-in-miru\/","title":{"rendered":"Zakon o varstvu javnega reda in miru"},"content":{"rendered":"<div data-elementor-type=\"wp-page\" data-elementor-id=\"6627\" class=\"elementor elementor-6627\" data-elementor-settings=\"{&quot;ha_cmc_init_switcher&quot;:&quot;no&quot;}\" data-elementor-post-type=\"page\">\n\t\t\t\t\t\t<section class=\"elementor-section elementor-top-section elementor-element elementor-element-9374da8 elementor-section-boxed elementor-section-height-default elementor-section-height-default\" data-id=\"9374da8\" data-element_type=\"section\">\n\t\t\t\t\t\t<div class=\"elementor-container elementor-column-gap-default\">\n\t\t\t\t\t<div class=\"elementor-column elementor-col-100 elementor-top-column elementor-element elementor-element-4aa8b88\" data-id=\"4aa8b88\" data-element_type=\"column\">\n\t\t\t<div class=\"elementor-widget-wrap elementor-element-populated\">\n\t\t\t\t\t\t<div class=\"elementor-element elementor-element-30e025d elementor-widget elementor-widget-heading\" data-id=\"30e025d\" data-element_type=\"widget\" data-widget_type=\"heading.default\">\n\t\t\t\t<div class=\"elementor-widget-container\">\n\t\t\t\t\t<h2 class=\"elementor-heading-title elementor-size-default\">ZAKON O VARSTVU JAVNEGA REDA IN MIRU (ZJRM-1)<\/h2>\t\t\t\t<\/div>\n\t\t\t\t<\/div>\n\t\t\t\t\t<\/div>\n\t\t<\/div>\n\t\t\t\t\t<\/div>\n\t\t<\/section>\n\t\t<div class=\"elementor-element elementor-element-bd878a1 e-flex e-con-boxed e-con e-parent\" data-id=\"bd878a1\" data-element_type=\"container\">\n\t\t\t\t\t<div class=\"e-con-inner\">\n\t\t\t\t<div class=\"elementor-element elementor-element-0b9cbd7 elementor-widget elementor-widget-bae-doc-embedder\" data-id=\"0b9cbd7\" data-element_type=\"widget\" data-widget_type=\"bae-doc-embedder.default\">\n\t\t\t\t<div class=\"elementor-widget-container\">\n\t\t\t\t\t      <div class=\"my-doc\">\n\t\t<iframe src=\"https:\/\/docs.google.com\/viewer?url=https:\/\/pogodba.net\/wp-content\/uploads\/2024\/11\/zakon-o-varstvu-javnega-reda-in-miru-2.docx&amp;embedded=true\"  allowfullscreen>\n\t\t<\/iframe>\n\t\t<\/div>\n\t\t\t\t\t\t<\/div>\n\t\t\t\t<\/div>\n\t\t\t\t\t<\/div>\n\t\t\t\t<\/div>\n\t\t\t\t<\/div>","protected":false},"excerpt":{"rendered":"<p>ZAKON O VARSTVU JAVNEGA REDA IN MIRU (ZJRM-1)<\/p>","protected":false},"author":1,"featured_media":0,"parent":0,"menu_order":0,"comment_status":"closed","ping_status":"closed","template":"","meta":{"footnotes":""},"class_list":["post-6627","page","type-page","status-publish","hentry"],"yoast_head":"<!-- This site is optimized with the Yoast SEO plugin v25.5 - https:\/\/yoast.com\/wordpress\/plugins\/seo\/ -->\n<title>Zakon o varstvu javnega reda in miru - Pogodba.net<\/title>\n<meta name=\"description\" content=\"Zakon o varstvu javnega reda in miru (ZJRM-1) ureja pravila in ukrepe za zagotavljanje javnega reda, miru in varnosti v skupnosti. Dolo\u010da prepovedi in sankcije za ravnanja, ki motijo mir in varnost drugih oseb, kot so nedostojno vedenje, povzro\u010danje hrupa, nasilje, vznemirjanje, po\u0161kodovanje tuje lastnine in neprimerno vedenje na javnih mestih. Zakon opredeljuje pristojnosti policije in drugih organov pri ukrepanju ter postopke za obravnavo kr\u0161itev, s ciljem ohranjanja mirnega in varnega dru\u017ebenega okolja.\" \/>\n<meta name=\"robots\" content=\"index, follow, max-snippet:-1, max-image-preview:large, max-video-preview:-1\" \/>\n<link rel=\"canonical\" href=\"https:\/\/pogodba.net\/en\/zakon-o-varstvu-javnega-reda-in-miru\/\" \/>\n<meta property=\"og:locale\" content=\"en_GB\" \/>\n<meta property=\"og:type\" content=\"article\" \/>\n<meta property=\"og:title\" content=\"Zakon o varstvu javnega reda in miru - Pogodba.net\" \/>\n<meta property=\"og:description\" content=\"Zakon o varstvu javnega reda in miru (ZJRM-1) ureja pravila in ukrepe za zagotavljanje javnega reda, miru in varnosti v skupnosti. Dolo\u010da prepovedi in sankcije za ravnanja, ki motijo mir in varnost drugih oseb, kot so nedostojno vedenje, povzro\u010danje hrupa, nasilje, vznemirjanje, po\u0161kodovanje tuje lastnine in neprimerno vedenje na javnih mestih. Zakon opredeljuje pristojnosti policije in drugih organov pri ukrepanju ter postopke za obravnavo kr\u0161itev, s ciljem ohranjanja mirnega in varnega dru\u017ebenega okolja.\" \/>\n<meta property=\"og:url\" content=\"https:\/\/pogodba.net\/en\/zakon-o-varstvu-javnega-reda-in-miru\/\" \/>\n<meta property=\"og:site_name\" content=\"Pogodba.net\" \/>\n<meta property=\"article:publisher\" content=\"https:\/\/www.facebook.com\/pogodba.net\" \/>\n<meta property=\"article:modified_time\" content=\"2024-11-09T21:25:50+00:00\" \/>\n<meta name=\"twitter:card\" content=\"summary_large_image\" \/>\n<meta name=\"twitter:label1\" content=\"Estimated reading time\" \/>\n\t<meta name=\"twitter:data1\" content=\"1 minute\" \/>\n<script type=\"application\/ld+json\" class=\"yoast-schema-graph\">{\"@context\":\"https:\/\/schema.org\",\"@graph\":[{\"@type\":\"WebPage\",\"@id\":\"https:\/\/pogodba.net\/zakon-o-varstvu-javnega-reda-in-miru\/\",\"url\":\"https:\/\/pogodba.net\/zakon-o-varstvu-javnega-reda-in-miru\/\",\"name\":\"Zakon o varstvu javnega reda in miru - Pogodba.net\",\"isPartOf\":{\"@id\":\"https:\/\/pogodba.net\/#website\"},\"datePublished\":\"2024-11-09T19:42:18+00:00\",\"dateModified\":\"2024-11-09T21:25:50+00:00\",\"description\":\"Zakon o varstvu javnega reda in miru (ZJRM-1) ureja pravila in ukrepe za zagotavljanje javnega reda, miru in varnosti v skupnosti. Dolo\u010da prepovedi in sankcije za ravnanja, ki motijo mir in varnost drugih oseb, kot so nedostojno vedenje, povzro\u010danje hrupa, nasilje, vznemirjanje, po\u0161kodovanje tuje lastnine in neprimerno vedenje na javnih mestih. Zakon opredeljuje pristojnosti policije in drugih organov pri ukrepanju ter postopke za obravnavo kr\u0161itev, s ciljem ohranjanja mirnega in varnega dru\u017ebenega okolja.\",\"breadcrumb\":{\"@id\":\"https:\/\/pogodba.net\/zakon-o-varstvu-javnega-reda-in-miru\/#breadcrumb\"},\"inLanguage\":\"en-GB\",\"potentialAction\":[{\"@type\":\"ReadAction\",\"target\":[\"https:\/\/pogodba.net\/zakon-o-varstvu-javnega-reda-in-miru\/\"]}]},{\"@type\":\"BreadcrumbList\",\"@id\":\"https:\/\/pogodba.net\/zakon-o-varstvu-javnega-reda-in-miru\/#breadcrumb\",\"itemListElement\":[{\"@type\":\"ListItem\",\"position\":1,\"name\":\"Domov\",\"item\":\"https:\/\/pogodba.net\/\"},{\"@type\":\"ListItem\",\"position\":2,\"name\":\"Zakon o varstvu javnega reda in miru\"}]},{\"@type\":\"WebSite\",\"@id\":\"https:\/\/pogodba.net\/#website\",\"url\":\"https:\/\/pogodba.net\/\",\"name\":\"Pogodba.net\",\"description\":\"Va\u0161a modra odlo\u010ditev.\",\"publisher\":{\"@id\":\"https:\/\/pogodba.net\/#organization\"},\"potentialAction\":[{\"@type\":\"SearchAction\",\"target\":{\"@type\":\"EntryPoint\",\"urlTemplate\":\"https:\/\/pogodba.net\/?s={search_term_string}\"},\"query-input\":{\"@type\":\"PropertyValueSpecification\",\"valueRequired\":true,\"valueName\":\"search_term_string\"}}],\"inLanguage\":\"en-GB\"},{\"@type\":\"Organization\",\"@id\":\"https:\/\/pogodba.net\/#organization\",\"name\":\"Pogodba.net\",\"url\":\"https:\/\/pogodba.net\/\",\"logo\":{\"@type\":\"ImageObject\",\"inLanguage\":\"en-GB\",\"@id\":\"https:\/\/pogodba.net\/#\/schema\/logo\/image\/\",\"url\":\"https:\/\/pogodba.net\/wp-content\/uploads\/2021\/10\/Pogodba.net-logotip-modro-ozadje.svg\",\"contentUrl\":\"https:\/\/pogodba.net\/wp-content\/uploads\/2021\/10\/Pogodba.net-logotip-modro-ozadje.svg\",\"width\":500,\"height\":500,\"caption\":\"Pogodba.net\"},\"image\":{\"@id\":\"https:\/\/pogodba.net\/#\/schema\/logo\/image\/\"},\"sameAs\":[\"https:\/\/www.facebook.com\/pogodba.net\"]}]}<\/script>\n<!-- \/ Yoast SEO plugin. -->","yoast_head_json":{"title":"Zakon o varstvu javnega reda in miru - Pogodba.net","description":"Zakon o varstvu javnega reda in miru (ZJRM-1) ureja pravila in ukrepe za zagotavljanje javnega reda, miru in varnosti v skupnosti. Dolo\u010da prepovedi in sankcije za ravnanja, ki motijo mir in varnost drugih oseb, kot so nedostojno vedenje, povzro\u010danje hrupa, nasilje, vznemirjanje, po\u0161kodovanje tuje lastnine in neprimerno vedenje na javnih mestih. Zakon opredeljuje pristojnosti policije in drugih organov pri ukrepanju ter postopke za obravnavo kr\u0161itev, s ciljem ohranjanja mirnega in varnega dru\u017ebenega okolja.","robots":{"index":"index","follow":"follow","max-snippet":"max-snippet:-1","max-image-preview":"max-image-preview:large","max-video-preview":"max-video-preview:-1"},"canonical":"https:\/\/pogodba.net\/en\/zakon-o-varstvu-javnega-reda-in-miru\/","og_locale":"en_GB","og_type":"article","og_title":"Zakon o varstvu javnega reda in miru - Pogodba.net","og_description":"Zakon o varstvu javnega reda in miru (ZJRM-1) ureja pravila in ukrepe za zagotavljanje javnega reda, miru in varnosti v skupnosti. Dolo\u010da prepovedi in sankcije za ravnanja, ki motijo mir in varnost drugih oseb, kot so nedostojno vedenje, povzro\u010danje hrupa, nasilje, vznemirjanje, po\u0161kodovanje tuje lastnine in neprimerno vedenje na javnih mestih. Zakon opredeljuje pristojnosti policije in drugih organov pri ukrepanju ter postopke za obravnavo kr\u0161itev, s ciljem ohranjanja mirnega in varnega dru\u017ebenega okolja.","og_url":"https:\/\/pogodba.net\/en\/zakon-o-varstvu-javnega-reda-in-miru\/","og_site_name":"Pogodba.net","article_publisher":"https:\/\/www.facebook.com\/pogodba.net","article_modified_time":"2024-11-09T21:25:50+00:00","twitter_card":"summary_large_image","twitter_misc":{"Estimated reading time":"1 minute"},"schema":{"@context":"https:\/\/schema.org","@graph":[{"@type":"WebPage","@id":"https:\/\/pogodba.net\/zakon-o-varstvu-javnega-reda-in-miru\/","url":"https:\/\/pogodba.net\/zakon-o-varstvu-javnega-reda-in-miru\/","name":"Zakon o varstvu javnega reda in miru - Pogodba.net","isPartOf":{"@id":"https:\/\/pogodba.net\/#website"},"datePublished":"2024-11-09T19:42:18+00:00","dateModified":"2024-11-09T21:25:50+00:00","description":"Zakon o varstvu javnega reda in miru (ZJRM-1) ureja pravila in ukrepe za zagotavljanje javnega reda, miru in varnosti v skupnosti. Dolo\u010da prepovedi in sankcije za ravnanja, ki motijo mir in varnost drugih oseb, kot so nedostojno vedenje, povzro\u010danje hrupa, nasilje, vznemirjanje, po\u0161kodovanje tuje lastnine in neprimerno vedenje na javnih mestih. Zakon opredeljuje pristojnosti policije in drugih organov pri ukrepanju ter postopke za obravnavo kr\u0161itev, s ciljem ohranjanja mirnega in varnega dru\u017ebenega okolja.","breadcrumb":{"@id":"https:\/\/pogodba.net\/zakon-o-varstvu-javnega-reda-in-miru\/#breadcrumb"},"inLanguage":"en-GB","potentialAction":[{"@type":"ReadAction","target":["https:\/\/pogodba.net\/zakon-o-varstvu-javnega-reda-in-miru\/"]}]},{"@type":"BreadcrumbList","@id":"https:\/\/pogodba.net\/zakon-o-varstvu-javnega-reda-in-miru\/#breadcrumb","itemListElement":[{"@type":"ListItem","position":1,"name":"Domov","item":"https:\/\/pogodba.net\/"},{"@type":"ListItem","position":2,"name":"Zakon o varstvu javnega reda in miru"}]},{"@type":"WebSite","@id":"https:\/\/pogodba.net\/#website","url":"https:\/\/pogodba.net\/","name":"Contract.net","description":"Va\u0161a modra odlo\u010ditev.","publisher":{"@id":"https:\/\/pogodba.net\/#organization"},"potentialAction":[{"@type":"SearchAction","target":{"@type":"EntryPoint","urlTemplate":"https:\/\/pogodba.net\/?s={search_term_string}"},"query-input":{"@type":"PropertyValueSpecification","valueRequired":true,"valueName":"search_term_string"}}],"inLanguage":"en-GB"},{"@type":"Organization","@id":"https:\/\/pogodba.net\/#organization","name":"Contract.net","url":"https:\/\/pogodba.net\/","logo":{"@type":"ImageObject","inLanguage":"en-GB","@id":"https:\/\/pogodba.net\/#\/schema\/logo\/image\/","url":"https:\/\/pogodba.net\/wp-content\/uploads\/2021\/10\/Pogodba.net-logotip-modro-ozadje.svg","contentUrl":"https:\/\/pogodba.net\/wp-content\/uploads\/2021\/10\/Pogodba.net-logotip-modro-ozadje.svg","width":500,"height":500,"caption":"Pogodba.net"},"image":{"@id":"https:\/\/pogodba.net\/#\/schema\/logo\/image\/"},"sameAs":["https:\/\/www.facebook.com\/pogodba.net"]}]}},"_links":{"self":[{"href":"https:\/\/pogodba.net\/en\/wp-json\/wp\/v2\/pages\/6627","targetHints":{"allow":["GET"]}}],"collection":[{"href":"https:\/\/pogodba.net\/en\/wp-json\/wp\/v2\/pages"}],"about":[{"href":"https:\/\/pogodba.net\/en\/wp-json\/wp\/v2\/types\/page"}],"author":[{"embeddable":true,"href":"https:\/\/pogodba.net\/en\/wp-json\/wp\/v2\/users\/1"}],"replies":[{"embeddable":true,"href":"https:\/\/pogodba.net\/en\/wp-json\/wp\/v2\/comments?post=6627"}],"version-history":[{"count":0,"href":"https:\/\/pogodba.net\/en\/wp-json\/wp\/v2\/pages\/6627\/revisions"}],"wp:attachment":[{"href":"https:\/\/pogodba.net\/en\/wp-json\/wp\/v2\/media?parent=6627"}],"curies":[{"name":"wp","href":"https:\/\/api.w.org\/{rel}","templated":true}]}}