{"id":6623,"date":"2024-11-09T19:36:22","date_gmt":"2024-11-09T19:36:22","guid":{"rendered":"https:\/\/pogodba.net\/?page_id=6623"},"modified":"2024-11-09T20:39:31","modified_gmt":"2024-11-09T20:39:31","slug":"obligacijski-zakonik","status":"publish","type":"page","link":"https:\/\/pogodba.net\/en\/obligacijski-zakonik\/","title":{"rendered":"Obligacijski zakonik"},"content":{"rendered":"<div data-elementor-type=\"wp-page\" data-elementor-id=\"6623\" class=\"elementor elementor-6623\" data-elementor-settings=\"{&quot;ha_cmc_init_switcher&quot;:&quot;no&quot;}\" data-elementor-post-type=\"page\">\n\t\t\t\t\t\t<section class=\"elementor-section elementor-top-section elementor-element elementor-element-9374da8 elementor-section-boxed elementor-section-height-default elementor-section-height-default\" data-id=\"9374da8\" data-element_type=\"section\">\n\t\t\t\t\t\t<div class=\"elementor-container elementor-column-gap-default\">\n\t\t\t\t\t<div class=\"elementor-column elementor-col-100 elementor-top-column elementor-element elementor-element-4aa8b88\" data-id=\"4aa8b88\" data-element_type=\"column\">\n\t\t\t<div class=\"elementor-widget-wrap elementor-element-populated\">\n\t\t\t\t\t\t<div class=\"elementor-element elementor-element-30e025d elementor-widget elementor-widget-heading\" data-id=\"30e025d\" data-element_type=\"widget\" data-widget_type=\"heading.default\">\n\t\t\t\t<div class=\"elementor-widget-container\">\n\t\t\t\t\t<h2 class=\"elementor-heading-title elementor-size-default\">OBLIGACIJSKI ZAKONIK (OZ)<\/h2>\t\t\t\t<\/div>\n\t\t\t\t<\/div>\n\t\t\t\t\t<\/div>\n\t\t<\/div>\n\t\t\t\t\t<\/div>\n\t\t<\/section>\n\t\t<div class=\"elementor-element elementor-element-a9a17a4 e-flex e-con-boxed e-con e-parent\" data-id=\"a9a17a4\" data-element_type=\"container\">\n\t\t\t\t\t<div class=\"e-con-inner\">\n\t\t\t\t<div class=\"elementor-element elementor-element-dc4ffee elementor-widget elementor-widget-bae-doc-embedder\" data-id=\"dc4ffee\" data-element_type=\"widget\" data-widget_type=\"bae-doc-embedder.default\">\n\t\t\t\t<div class=\"elementor-widget-container\">\n\t\t\t\t\t      <div class=\"my-doc\">\n\t\t<iframe src=\"https:\/\/docs.google.com\/viewer?url=https:\/\/pogodba.net\/wp-content\/uploads\/2024\/11\/obligacijski-zakonik.docx&amp;embedded=true\"  allowfullscreen>\n\t\t<\/iframe>\n\t\t<\/div>\n\t\t\t\t\t\t<\/div>\n\t\t\t\t<\/div>\n\t\t\t\t\t<\/div>\n\t\t\t\t<\/div>\n\t\t\t\t<\/div>","protected":false},"excerpt":{"rendered":"<p>OBLIGACIJSKI ZAKONIK (OZ)<\/p>","protected":false},"author":1,"featured_media":0,"parent":0,"menu_order":0,"comment_status":"closed","ping_status":"closed","template":"","meta":{"footnotes":""},"class_list":["post-6623","page","type-page","status-publish","hentry"],"yoast_head":"<!-- This site is optimized with the Yoast SEO plugin v25.5 - https:\/\/yoast.com\/wordpress\/plugins\/seo\/ -->\n<title>Obligacijski zakonik - Pogodba.net<\/title>\n<meta name=\"description\" content=\"Obligacijski zakonik (OZ) ureja obligacijska razmerja, to so pravna razmerja med osebami glede pravic in obveznosti, ki nastanejo iz pogodb, povzro\u010ditve \u0161kode, neupravi\u010dene obogatitve in poslovodstva brez naro\u010dila. Opredeljuje temeljna na\u010dela obligacijskega prava, pravila glede sklepanja, izvajanja, spreminjanja in prenehanja pogodb ter odgovornost za kr\u0161itev pogodbenih ali zakonskih obveznosti. Prav tako dolo\u010da od\u0161kodninsko odgovornost, zastaranje terjatev in druga pravila, ki zagotavljajo pravi\u010dnost in pravno varnost v civilnopravnih razmerjih.\" \/>\n<meta name=\"robots\" content=\"index, follow, max-snippet:-1, max-image-preview:large, max-video-preview:-1\" \/>\n<link rel=\"canonical\" href=\"https:\/\/pogodba.net\/en\/obligacijski-zakonik\/\" \/>\n<meta property=\"og:locale\" content=\"en_GB\" \/>\n<meta property=\"og:type\" content=\"article\" \/>\n<meta property=\"og:title\" content=\"Obligacijski zakonik - Pogodba.net\" \/>\n<meta property=\"og:description\" content=\"Obligacijski zakonik (OZ) ureja obligacijska razmerja, to so pravna razmerja med osebami glede pravic in obveznosti, ki nastanejo iz pogodb, povzro\u010ditve \u0161kode, neupravi\u010dene obogatitve in poslovodstva brez naro\u010dila. Opredeljuje temeljna na\u010dela obligacijskega prava, pravila glede sklepanja, izvajanja, spreminjanja in prenehanja pogodb ter odgovornost za kr\u0161itev pogodbenih ali zakonskih obveznosti. Prav tako dolo\u010da od\u0161kodninsko odgovornost, zastaranje terjatev in druga pravila, ki zagotavljajo pravi\u010dnost in pravno varnost v civilnopravnih razmerjih.\" \/>\n<meta property=\"og:url\" content=\"https:\/\/pogodba.net\/en\/obligacijski-zakonik\/\" \/>\n<meta property=\"og:site_name\" content=\"Pogodba.net\" \/>\n<meta property=\"article:publisher\" content=\"https:\/\/www.facebook.com\/pogodba.net\" \/>\n<meta property=\"article:modified_time\" content=\"2024-11-09T20:39:31+00:00\" \/>\n<meta name=\"twitter:card\" content=\"summary_large_image\" \/>\n<meta name=\"twitter:label1\" content=\"Estimated reading time\" \/>\n\t<meta name=\"twitter:data1\" content=\"1 minute\" \/>\n<script type=\"application\/ld+json\" class=\"yoast-schema-graph\">{\"@context\":\"https:\/\/schema.org\",\"@graph\":[{\"@type\":\"WebPage\",\"@id\":\"https:\/\/pogodba.net\/obligacijski-zakonik\/\",\"url\":\"https:\/\/pogodba.net\/obligacijski-zakonik\/\",\"name\":\"Obligacijski zakonik - Pogodba.net\",\"isPartOf\":{\"@id\":\"https:\/\/pogodba.net\/#website\"},\"datePublished\":\"2024-11-09T19:36:22+00:00\",\"dateModified\":\"2024-11-09T20:39:31+00:00\",\"description\":\"Obligacijski zakonik (OZ) ureja obligacijska razmerja, to so pravna razmerja med osebami glede pravic in obveznosti, ki nastanejo iz pogodb, povzro\u010ditve \u0161kode, neupravi\u010dene obogatitve in poslovodstva brez naro\u010dila. Opredeljuje temeljna na\u010dela obligacijskega prava, pravila glede sklepanja, izvajanja, spreminjanja in prenehanja pogodb ter odgovornost za kr\u0161itev pogodbenih ali zakonskih obveznosti. Prav tako dolo\u010da od\u0161kodninsko odgovornost, zastaranje terjatev in druga pravila, ki zagotavljajo pravi\u010dnost in pravno varnost v civilnopravnih razmerjih.\",\"breadcrumb\":{\"@id\":\"https:\/\/pogodba.net\/obligacijski-zakonik\/#breadcrumb\"},\"inLanguage\":\"en-GB\",\"potentialAction\":[{\"@type\":\"ReadAction\",\"target\":[\"https:\/\/pogodba.net\/obligacijski-zakonik\/\"]}]},{\"@type\":\"BreadcrumbList\",\"@id\":\"https:\/\/pogodba.net\/obligacijski-zakonik\/#breadcrumb\",\"itemListElement\":[{\"@type\":\"ListItem\",\"position\":1,\"name\":\"Domov\",\"item\":\"https:\/\/pogodba.net\/\"},{\"@type\":\"ListItem\",\"position\":2,\"name\":\"Obligacijski zakonik\"}]},{\"@type\":\"WebSite\",\"@id\":\"https:\/\/pogodba.net\/#website\",\"url\":\"https:\/\/pogodba.net\/\",\"name\":\"Pogodba.net\",\"description\":\"Va\u0161a modra odlo\u010ditev.\",\"publisher\":{\"@id\":\"https:\/\/pogodba.net\/#organization\"},\"potentialAction\":[{\"@type\":\"SearchAction\",\"target\":{\"@type\":\"EntryPoint\",\"urlTemplate\":\"https:\/\/pogodba.net\/?s={search_term_string}\"},\"query-input\":{\"@type\":\"PropertyValueSpecification\",\"valueRequired\":true,\"valueName\":\"search_term_string\"}}],\"inLanguage\":\"en-GB\"},{\"@type\":\"Organization\",\"@id\":\"https:\/\/pogodba.net\/#organization\",\"name\":\"Pogodba.net\",\"url\":\"https:\/\/pogodba.net\/\",\"logo\":{\"@type\":\"ImageObject\",\"inLanguage\":\"en-GB\",\"@id\":\"https:\/\/pogodba.net\/#\/schema\/logo\/image\/\",\"url\":\"https:\/\/pogodba.net\/wp-content\/uploads\/2021\/10\/Pogodba.net-logotip-modro-ozadje.svg\",\"contentUrl\":\"https:\/\/pogodba.net\/wp-content\/uploads\/2021\/10\/Pogodba.net-logotip-modro-ozadje.svg\",\"width\":500,\"height\":500,\"caption\":\"Pogodba.net\"},\"image\":{\"@id\":\"https:\/\/pogodba.net\/#\/schema\/logo\/image\/\"},\"sameAs\":[\"https:\/\/www.facebook.com\/pogodba.net\"]}]}<\/script>\n<!-- \/ Yoast SEO plugin. -->","yoast_head_json":{"title":"Obligacijski zakonik - Pogodba.net","description":"Obligacijski zakonik (OZ) ureja obligacijska razmerja, to so pravna razmerja med osebami glede pravic in obveznosti, ki nastanejo iz pogodb, povzro\u010ditve \u0161kode, neupravi\u010dene obogatitve in poslovodstva brez naro\u010dila. Opredeljuje temeljna na\u010dela obligacijskega prava, pravila glede sklepanja, izvajanja, spreminjanja in prenehanja pogodb ter odgovornost za kr\u0161itev pogodbenih ali zakonskih obveznosti. Prav tako dolo\u010da od\u0161kodninsko odgovornost, zastaranje terjatev in druga pravila, ki zagotavljajo pravi\u010dnost in pravno varnost v civilnopravnih razmerjih.","robots":{"index":"index","follow":"follow","max-snippet":"max-snippet:-1","max-image-preview":"max-image-preview:large","max-video-preview":"max-video-preview:-1"},"canonical":"https:\/\/pogodba.net\/en\/obligacijski-zakonik\/","og_locale":"en_GB","og_type":"article","og_title":"Obligacijski zakonik - Pogodba.net","og_description":"Obligacijski zakonik (OZ) ureja obligacijska razmerja, to so pravna razmerja med osebami glede pravic in obveznosti, ki nastanejo iz pogodb, povzro\u010ditve \u0161kode, neupravi\u010dene obogatitve in poslovodstva brez naro\u010dila. Opredeljuje temeljna na\u010dela obligacijskega prava, pravila glede sklepanja, izvajanja, spreminjanja in prenehanja pogodb ter odgovornost za kr\u0161itev pogodbenih ali zakonskih obveznosti. Prav tako dolo\u010da od\u0161kodninsko odgovornost, zastaranje terjatev in druga pravila, ki zagotavljajo pravi\u010dnost in pravno varnost v civilnopravnih razmerjih.","og_url":"https:\/\/pogodba.net\/en\/obligacijski-zakonik\/","og_site_name":"Pogodba.net","article_publisher":"https:\/\/www.facebook.com\/pogodba.net","article_modified_time":"2024-11-09T20:39:31+00:00","twitter_card":"summary_large_image","twitter_misc":{"Estimated reading time":"1 minute"},"schema":{"@context":"https:\/\/schema.org","@graph":[{"@type":"WebPage","@id":"https:\/\/pogodba.net\/obligacijski-zakonik\/","url":"https:\/\/pogodba.net\/obligacijski-zakonik\/","name":"Obligacijski zakonik - Pogodba.net","isPartOf":{"@id":"https:\/\/pogodba.net\/#website"},"datePublished":"2024-11-09T19:36:22+00:00","dateModified":"2024-11-09T20:39:31+00:00","description":"Obligacijski zakonik (OZ) ureja obligacijska razmerja, to so pravna razmerja med osebami glede pravic in obveznosti, ki nastanejo iz pogodb, povzro\u010ditve \u0161kode, neupravi\u010dene obogatitve in poslovodstva brez naro\u010dila. Opredeljuje temeljna na\u010dela obligacijskega prava, pravila glede sklepanja, izvajanja, spreminjanja in prenehanja pogodb ter odgovornost za kr\u0161itev pogodbenih ali zakonskih obveznosti. Prav tako dolo\u010da od\u0161kodninsko odgovornost, zastaranje terjatev in druga pravila, ki zagotavljajo pravi\u010dnost in pravno varnost v civilnopravnih razmerjih.","breadcrumb":{"@id":"https:\/\/pogodba.net\/obligacijski-zakonik\/#breadcrumb"},"inLanguage":"en-GB","potentialAction":[{"@type":"ReadAction","target":["https:\/\/pogodba.net\/obligacijski-zakonik\/"]}]},{"@type":"BreadcrumbList","@id":"https:\/\/pogodba.net\/obligacijski-zakonik\/#breadcrumb","itemListElement":[{"@type":"ListItem","position":1,"name":"Domov","item":"https:\/\/pogodba.net\/"},{"@type":"ListItem","position":2,"name":"Obligacijski zakonik"}]},{"@type":"WebSite","@id":"https:\/\/pogodba.net\/#website","url":"https:\/\/pogodba.net\/","name":"Contract.net","description":"Va\u0161a modra odlo\u010ditev.","publisher":{"@id":"https:\/\/pogodba.net\/#organization"},"potentialAction":[{"@type":"SearchAction","target":{"@type":"EntryPoint","urlTemplate":"https:\/\/pogodba.net\/?s={search_term_string}"},"query-input":{"@type":"PropertyValueSpecification","valueRequired":true,"valueName":"search_term_string"}}],"inLanguage":"en-GB"},{"@type":"Organization","@id":"https:\/\/pogodba.net\/#organization","name":"Contract.net","url":"https:\/\/pogodba.net\/","logo":{"@type":"ImageObject","inLanguage":"en-GB","@id":"https:\/\/pogodba.net\/#\/schema\/logo\/image\/","url":"https:\/\/pogodba.net\/wp-content\/uploads\/2021\/10\/Pogodba.net-logotip-modro-ozadje.svg","contentUrl":"https:\/\/pogodba.net\/wp-content\/uploads\/2021\/10\/Pogodba.net-logotip-modro-ozadje.svg","width":500,"height":500,"caption":"Pogodba.net"},"image":{"@id":"https:\/\/pogodba.net\/#\/schema\/logo\/image\/"},"sameAs":["https:\/\/www.facebook.com\/pogodba.net"]}]}},"_links":{"self":[{"href":"https:\/\/pogodba.net\/en\/wp-json\/wp\/v2\/pages\/6623","targetHints":{"allow":["GET"]}}],"collection":[{"href":"https:\/\/pogodba.net\/en\/wp-json\/wp\/v2\/pages"}],"about":[{"href":"https:\/\/pogodba.net\/en\/wp-json\/wp\/v2\/types\/page"}],"author":[{"embeddable":true,"href":"https:\/\/pogodba.net\/en\/wp-json\/wp\/v2\/users\/1"}],"replies":[{"embeddable":true,"href":"https:\/\/pogodba.net\/en\/wp-json\/wp\/v2\/comments?post=6623"}],"version-history":[{"count":0,"href":"https:\/\/pogodba.net\/en\/wp-json\/wp\/v2\/pages\/6623\/revisions"}],"wp:attachment":[{"href":"https:\/\/pogodba.net\/en\/wp-json\/wp\/v2\/media?parent=6623"}],"curies":[{"name":"wp","href":"https:\/\/api.w.org\/{rel}","templated":true}]}}