{"id":6558,"date":"2024-11-09T15:47:47","date_gmt":"2024-11-09T15:47:47","guid":{"rendered":"https:\/\/pogodba.net\/?page_id=6558"},"modified":"2024-11-09T21:25:03","modified_gmt":"2024-11-09T21:25:03","slug":"zakonodaja","status":"publish","type":"page","link":"https:\/\/pogodba.net\/en\/zakonodaja\/","title":{"rendered":"Zakonodaja"},"content":{"rendered":"<div data-elementor-type=\"wp-page\" data-elementor-id=\"6558\" class=\"elementor elementor-6558\" data-elementor-settings=\"{&quot;ha_cmc_init_switcher&quot;:&quot;no&quot;}\" data-elementor-post-type=\"page\">\n\t\t\t\t\t\t<section class=\"elementor-section elementor-top-section elementor-element elementor-element-0bf1bce elementor-section-boxed elementor-section-height-default elementor-section-height-default\" data-id=\"0bf1bce\" data-element_type=\"section\">\n\t\t\t\t\t\t<div class=\"elementor-container elementor-column-gap-default\">\n\t\t\t\t\t<div class=\"elementor-column elementor-col-50 elementor-top-column elementor-element elementor-element-36199f8\" data-id=\"36199f8\" data-element_type=\"column\">\n\t\t\t<div class=\"elementor-widget-wrap elementor-element-populated\">\n\t\t\t\t\t\t<div class=\"elementor-element elementor-element-cc5e9eb elementor-align-left elementor-widget elementor-widget-global elementor-global-5170 elementor-widget-breadcrumbs\" data-id=\"cc5e9eb\" data-element_type=\"widget\" data-widget_type=\"breadcrumbs.default\">\n\t\t\t\t<div class=\"elementor-widget-container\">\n\t\t\t\t\t<p id=\"breadcrumbs\"><span><span><a href=\"https:\/\/pogodba.net\/en\/\">Home<\/a><\/span><\/span><\/p>\t\t\t\t<\/div>\n\t\t\t\t<\/div>\n\t\t\t\t<div class=\"elementor-element elementor-element-684698a elementor-widget elementor-widget-heading\" data-id=\"684698a\" data-element_type=\"widget\" data-widget_type=\"heading.default\">\n\t\t\t\t<div class=\"elementor-widget-container\">\n\t\t\t\t\t<h2 class=\"elementor-heading-title elementor-size-default\">ZAKONODAJA<\/h2>\t\t\t\t<\/div>\n\t\t\t\t<\/div>\n\t\t\t\t<div class=\"elementor-element elementor-element-6045b67 elementor-widget elementor-widget-text-editor\" data-id=\"6045b67\" data-element_type=\"widget\" data-widget_type=\"text-editor.default\">\n\t\t\t\t<div class=\"elementor-widget-container\">\n\t\t\t\t\t\t\t\t\t<p>S klikom na spodnjo ikono si lahko ogledate in prenesete besedila nekaterih pomembnih zakonodajnih pravnih aktov v Republiki Sloveniji.<\/p>\t\t\t\t\t\t\t\t<\/div>\n\t\t\t\t<\/div>\n\t\t\t\t\t<\/div>\n\t\t<\/div>\n\t\t\t\t<div class=\"elementor-column elementor-col-50 elementor-top-column elementor-element elementor-element-7ce6d4e\" data-id=\"7ce6d4e\" data-element_type=\"column\">\n\t\t\t<div class=\"elementor-widget-wrap elementor-element-populated\">\n\t\t\t\t\t\t<div class=\"elementor-element elementor-element-31ef60f elementor-widget elementor-widget-image\" data-id=\"31ef60f\" data-element_type=\"widget\" data-widget_type=\"image.default\">\n\t\t\t\t<div class=\"elementor-widget-container\">\n\t\t\t\t\t\t\t\t\t\t\t\t\t\t\t<img fetchpriority=\"high\" decoding=\"async\" width=\"800\" height=\"450\" src=\"https:\/\/pogodba.net\/wp-content\/uploads\/2024\/11\/Zakonodaja-1024x576.jpg\" class=\"attachment-large size-large wp-image-6562\" alt=\"\" srcset=\"https:\/\/pogodba.net\/wp-content\/uploads\/2024\/11\/Zakonodaja-1024x576.jpg 1024w, https:\/\/pogodba.net\/wp-content\/uploads\/2024\/11\/Zakonodaja-300x169.jpg 300w, https:\/\/pogodba.net\/wp-content\/uploads\/2024\/11\/Zakonodaja-768x432.jpg 768w, https:\/\/pogodba.net\/wp-content\/uploads\/2024\/11\/Zakonodaja-18x10.jpg 18w, https:\/\/pogodba.net\/wp-content\/uploads\/2024\/11\/Zakonodaja.jpg 1440w\" sizes=\"(max-width: 800px) 100vw, 800px\" \/>\t\t\t\t\t\t\t\t\t\t\t\t\t\t\t<\/div>\n\t\t\t\t<\/div>\n\t\t\t\t\t<\/div>\n\t\t<\/div>\n\t\t\t\t\t<\/div>\n\t\t<\/section>\n\t\t<div class=\"elementor-element elementor-element-a811a8c e-flex e-con-boxed e-con e-parent\" data-id=\"a811a8c\" data-element_type=\"container\">\n\t\t\t\t\t<div class=\"e-con-inner\">\n\t\t<div class=\"elementor-element elementor-element-aa87f15 e-con-full e-flex e-con e-child\" data-id=\"aa87f15\" data-element_type=\"container\">\n\t\t\t\t<div class=\"elementor-element elementor-element-dca1e37 elementor-view-default elementor-widget elementor-widget-icon\" data-id=\"dca1e37\" data-element_type=\"widget\" data-widget_type=\"icon.default\">\n\t\t\t\t<div class=\"elementor-widget-container\">\n\t\t\t\t\t\t\t<div class=\"elementor-icon-wrapper\">\n\t\t\t<a class=\"elementor-icon\" href=\"https:\/\/pogodba.net\/en\/obligacijski-zakonik\/\">\n\t\t\t<i aria-hidden=\"true\" class=\"far fa-handshake\"><\/i>\t\t\t<\/a>\n\t\t<\/div>\n\t\t\t\t\t\t<\/div>\n\t\t\t\t<\/div>\n\t\t\t\t<div class=\"elementor-element elementor-element-62a38e4 elementor-widget elementor-widget-text-editor\" data-id=\"62a38e4\" data-element_type=\"widget\" data-widget_type=\"text-editor.default\">\n\t\t\t\t<div class=\"elementor-widget-container\">\n\t\t\t\t\t\t\t\t\t<h5 style=\"text-align: center;\"><a href=\"https:\/\/pogodba.net\/en\/obligacijski-zakonik\/\"><strong>OBLIGACIJSKI <br \/>ZAKONIK<br \/>(OZ)<br \/><\/strong><\/a><\/h5>\t\t\t\t\t\t\t\t<\/div>\n\t\t\t\t<\/div>\n\t\t\t\t<\/div>\n\t\t<div class=\"elementor-element elementor-element-20ad124 e-con-full e-flex e-con e-child\" data-id=\"20ad124\" data-element_type=\"container\">\n\t\t\t\t<div class=\"elementor-element elementor-element-2903959 elementor-view-default elementor-widget elementor-widget-icon\" data-id=\"2903959\" data-element_type=\"widget\" data-widget_type=\"icon.default\">\n\t\t\t\t<div class=\"elementor-widget-container\">\n\t\t\t\t\t\t\t<div class=\"elementor-icon-wrapper\">\n\t\t\t<a class=\"elementor-icon\" href=\"https:\/\/pogodba.net\/en\/zakon-o-delovnih-razmerjih\/\">\n\t\t\t<i aria-hidden=\"true\" class=\"fas fa-hard-hat\"><\/i>\t\t\t<\/a>\n\t\t<\/div>\n\t\t\t\t\t\t<\/div>\n\t\t\t\t<\/div>\n\t\t\t\t<div class=\"elementor-element elementor-element-e2d30b5 elementor-widget elementor-widget-text-editor\" data-id=\"e2d30b5\" data-element_type=\"widget\" data-widget_type=\"text-editor.default\">\n\t\t\t\t<div class=\"elementor-widget-container\">\n\t\t\t\t\t\t\t\t\t<h5 style=\"text-align: center;\"><a href=\"https:\/\/pogodba.net\/en\/zakon-o-delovnih-razmerjih\/\"><strong>ZAKON O DELOVNIH<br \/>RAZMERJIH<br \/>(ZDR-1)<\/strong><\/a><\/h5>\t\t\t\t\t\t\t\t<\/div>\n\t\t\t\t<\/div>\n\t\t\t\t<\/div>\n\t\t<div class=\"elementor-element elementor-element-de8a0ea e-con-full e-flex e-con e-child\" data-id=\"de8a0ea\" data-element_type=\"container\">\n\t\t\t\t<div class=\"elementor-element elementor-element-6b46c31 elementor-view-default elementor-widget elementor-widget-icon\" data-id=\"6b46c31\" data-element_type=\"widget\" data-widget_type=\"icon.default\">\n\t\t\t\t<div class=\"elementor-widget-container\">\n\t\t\t\t\t\t\t<div class=\"elementor-icon-wrapper\">\n\t\t\t<a class=\"elementor-icon\" href=\"https:\/\/pogodba.net\/en\/zakon-o-gospodarskih-druzbah\/\">\n\t\t\t<i aria-hidden=\"true\" class=\"fas fa-building\"><\/i>\t\t\t<\/a>\n\t\t<\/div>\n\t\t\t\t\t\t<\/div>\n\t\t\t\t<\/div>\n\t\t\t\t<div class=\"elementor-element elementor-element-5942601 elementor-widget elementor-widget-text-editor\" data-id=\"5942601\" data-element_type=\"widget\" data-widget_type=\"text-editor.default\">\n\t\t\t\t<div class=\"elementor-widget-container\">\n\t\t\t\t\t\t\t\t\t<h5 style=\"text-align: center;\"><a href=\"https:\/\/pogodba.net\/en\/zakon-o-gospodarskih-druzbah\/\"><strong>ZAKON O GOSPODARSKIH<br \/>DRU\u017dBAH<br \/>(ZGD-1)<\/strong><\/a><\/h5>\t\t\t\t\t\t\t\t<\/div>\n\t\t\t\t<\/div>\n\t\t\t\t<\/div>\n\t\t<div class=\"elementor-element elementor-element-daee724 e-con-full e-flex e-con e-child\" data-id=\"daee724\" data-element_type=\"container\">\n\t\t\t\t<div class=\"elementor-element elementor-element-92ff417 elementor-view-default elementor-widget elementor-widget-icon\" data-id=\"92ff417\" data-element_type=\"widget\" data-widget_type=\"icon.default\">\n\t\t\t\t<div class=\"elementor-widget-container\">\n\t\t\t\t\t\t\t<div class=\"elementor-icon-wrapper\">\n\t\t\t<a class=\"elementor-icon\" href=\"https:\/\/pogodba.net\/en\/zakon-o-varstvu-javnega-reda-in-miru\/\">\n\t\t\t<i aria-hidden=\"true\" class=\"fas fa-people-arrows\"><\/i>\t\t\t<\/a>\n\t\t<\/div>\n\t\t\t\t\t\t<\/div>\n\t\t\t\t<\/div>\n\t\t\t\t<div class=\"elementor-element elementor-element-1f458f9 elementor-widget elementor-widget-text-editor\" data-id=\"1f458f9\" data-element_type=\"widget\" data-widget_type=\"text-editor.default\">\n\t\t\t\t<div class=\"elementor-widget-container\">\n\t\t\t\t\t\t\t\t\t<h5 style=\"text-align: center;\"><a href=\"https:\/\/pogodba.net\/en\/zakon-o-varstvu-javnega-reda-in-miru\/\"><strong>ZAKON O VARSTVU<br \/>JAVNEGA REDA IN MIRU<br \/>(ZJRM-1)<\/strong><\/a><\/h5>\t\t\t\t\t\t\t\t<\/div>\n\t\t\t\t<\/div>\n\t\t\t\t<\/div>\n\t\t\t\t\t<\/div>\n\t\t\t\t<\/div>\n\t\t<div class=\"elementor-element elementor-element-6b65d38 e-flex e-con-boxed e-con e-parent\" data-id=\"6b65d38\" data-element_type=\"container\">\n\t\t\t\t\t<div class=\"e-con-inner\">\n\t\t<div class=\"elementor-element elementor-element-ad23958 e-con-full e-flex e-con e-child\" data-id=\"ad23958\" data-element_type=\"container\">\n\t\t\t\t<div class=\"elementor-element elementor-element-31dd45e elementor-view-default elementor-widget elementor-widget-icon\" data-id=\"31dd45e\" data-element_type=\"widget\" data-widget_type=\"icon.default\">\n\t\t\t\t<div class=\"elementor-widget-container\">\n\t\t\t\t\t\t\t<div class=\"elementor-icon-wrapper\">\n\t\t\t<a class=\"elementor-icon\" href=\"https:\/\/pogodba.net\/en\/zakon-o-varstvu-osebnih-podatkov\/\">\n\t\t\t<i aria-hidden=\"true\" class=\"fas fa-id-card\"><\/i>\t\t\t<\/a>\n\t\t<\/div>\n\t\t\t\t\t\t<\/div>\n\t\t\t\t<\/div>\n\t\t\t\t<div class=\"elementor-element elementor-element-745c7bd elementor-widget elementor-widget-text-editor\" data-id=\"745c7bd\" data-element_type=\"widget\" data-widget_type=\"text-editor.default\">\n\t\t\t\t<div class=\"elementor-widget-container\">\n\t\t\t\t\t\t\t\t\t<h5 style=\"text-align: center;\"><a href=\"https:\/\/pogodba.net\/en\/zakon-o-varstvu-osebnih-podatkov\/\"><strong>ZAKON O VARSTVU<br \/>OSEBNIH PODATKOV<br \/>(ZVOP-2)<\/strong><\/a><\/h5>\t\t\t\t\t\t\t\t<\/div>\n\t\t\t\t<\/div>\n\t\t\t\t<\/div>\n\t\t<div class=\"elementor-element elementor-element-60972e4 e-con-full e-flex e-con e-child\" data-id=\"60972e4\" data-element_type=\"container\">\n\t\t\t\t<div class=\"elementor-element elementor-element-6d8cd4f elementor-view-default elementor-widget elementor-widget-icon\" data-id=\"6d8cd4f\" data-element_type=\"widget\" data-widget_type=\"icon.default\">\n\t\t\t\t<div class=\"elementor-widget-container\">\n\t\t\t\t\t\t\t<div class=\"elementor-icon-wrapper\">\n\t\t\t<a class=\"elementor-icon\" href=\"https:\/\/pogodba.net\/en\/splosna-uredba-o-varstvu-podatkov\/\">\n\t\t\t<i aria-hidden=\"true\" class=\"fas fa-user-secret\"><\/i>\t\t\t<\/a>\n\t\t<\/div>\n\t\t\t\t\t\t<\/div>\n\t\t\t\t<\/div>\n\t\t\t\t<div class=\"elementor-element elementor-element-4c33548 elementor-widget elementor-widget-text-editor\" data-id=\"4c33548\" data-element_type=\"widget\" data-widget_type=\"text-editor.default\">\n\t\t\t\t<div class=\"elementor-widget-container\">\n\t\t\t\t\t\t\t\t\t<h5 style=\"text-align: center;\"><a href=\"https:\/\/pogodba.net\/en\/splosna-uredba-o-varstvu-podatkov\/\"><strong>SPLO\u0160NA UREDBA O<br \/>VARSTVU PODATKOV<br \/>(GDPR)<\/strong><\/a><\/h5>\t\t\t\t\t\t\t\t<\/div>\n\t\t\t\t<\/div>\n\t\t\t\t<\/div>\n\t\t<div class=\"elementor-element elementor-element-68cfb69 e-con-full e-flex e-con e-child\" data-id=\"68cfb69\" data-element_type=\"container\">\n\t\t\t\t<div class=\"elementor-element elementor-element-a9bc151 elementor-view-default elementor-widget elementor-widget-icon\" data-id=\"a9bc151\" data-element_type=\"widget\" data-widget_type=\"icon.default\">\n\t\t\t\t<div class=\"elementor-widget-container\">\n\t\t\t\t\t\t\t<div class=\"elementor-icon-wrapper\">\n\t\t\t<a class=\"elementor-icon\" href=\"https:\/\/pogodba.net\/en\/zakon-o-prekrskih\/\">\n\t\t\t<i aria-hidden=\"true\" class=\"fas fa-arrows-alt\"><\/i>\t\t\t<\/a>\n\t\t<\/div>\n\t\t\t\t\t\t<\/div>\n\t\t\t\t<\/div>\n\t\t\t\t<div class=\"elementor-element elementor-element-c08d440 elementor-widget elementor-widget-text-editor\" data-id=\"c08d440\" data-element_type=\"widget\" data-widget_type=\"text-editor.default\">\n\t\t\t\t<div class=\"elementor-widget-container\">\n\t\t\t\t\t\t\t\t\t<h5 style=\"text-align: center;\"><a href=\"https:\/\/pogodba.net\/en\/zakon-o-prekrskih\/\"><strong>ZAKON O<br \/>PREKR\u0160KIH<br \/>(ZP-1)<\/strong><\/a><\/h5>\t\t\t\t\t\t\t\t<\/div>\n\t\t\t\t<\/div>\n\t\t\t\t<\/div>\n\t\t<div class=\"elementor-element elementor-element-f765033 e-con-full e-flex e-con e-child\" data-id=\"f765033\" data-element_type=\"container\">\n\t\t\t\t<div class=\"elementor-element elementor-element-618760a elementor-view-default elementor-widget elementor-widget-icon\" data-id=\"618760a\" data-element_type=\"widget\" data-widget_type=\"icon.default\">\n\t\t\t\t<div class=\"elementor-widget-container\">\n\t\t\t\t\t\t\t<div class=\"elementor-icon-wrapper\">\n\t\t\t<a class=\"elementor-icon\" href=\"https:\/\/pogodba.net\/en\/zakon-o-pravilih-cestnega-prometa\/\">\n\t\t\t<i aria-hidden=\"true\" class=\"fas fa-car-crash\"><\/i>\t\t\t<\/a>\n\t\t<\/div>\n\t\t\t\t\t\t<\/div>\n\t\t\t\t<\/div>\n\t\t\t\t<div class=\"elementor-element elementor-element-ab50e07 elementor-widget elementor-widget-text-editor\" data-id=\"ab50e07\" data-element_type=\"widget\" data-widget_type=\"text-editor.default\">\n\t\t\t\t<div class=\"elementor-widget-container\">\n\t\t\t\t\t\t\t\t\t<h5 style=\"text-align: center;\"><a href=\"https:\/\/pogodba.net\/en\/zakon-o-pravilih-cestnega-prometa\/\"><strong>ZAKON O PRAVILIH<br \/>CESTNEGA PROMETA<br \/>(ZPRCP)<\/strong><\/a><\/h5>\t\t\t\t\t\t\t\t<\/div>\n\t\t\t\t<\/div>\n\t\t\t\t<\/div>\n\t\t\t\t\t<\/div>\n\t\t\t\t<\/div>\n\t\t\t\t<\/div>","protected":false},"excerpt":{"rendered":"<p>ZAKONODAJA S klikom na spodnjo ikono si lahko ogledate in prenesete besedila nekaterih pomembnih zakonodajnih pravnih aktov v Republiki Sloveniji. OBLIGACIJSKI ZAKONIK(OZ) ZAKON O DELOVNIHRAZMERJIH(ZDR-1) ZAKON O GOSPODARSKIHDRU\u017dBAH(ZGD-1) ZAKON O VARSTVUJAVNEGA REDA IN MIRU(ZJRM-1) ZAKON O VARSTVUOSEBNIH PODATKOV(ZVOP-2) SPLO\u0160NA UREDBA OVARSTVU PODATKOV(GDPR) ZAKON OPREKR\u0160KIH(ZP-1) ZAKON O PRAVILIHCESTNEGA PROMETA(ZPRCP)<\/p>","protected":false},"author":1,"featured_media":0,"parent":0,"menu_order":0,"comment_status":"closed","ping_status":"closed","template":"","meta":{"footnotes":""},"class_list":["post-6558","page","type-page","status-publish","hentry"],"yoast_head":"<!-- This site is optimized with the Yoast SEO plugin v25.5 - https:\/\/yoast.com\/wordpress\/plugins\/seo\/ -->\n<title>Zakonodaja - Pogodba.net<\/title>\n<meta name=\"robots\" content=\"index, follow, max-snippet:-1, max-image-preview:large, max-video-preview:-1\" \/>\n<link rel=\"canonical\" href=\"https:\/\/pogodba.net\/en\/zakonodaja\/\" \/>\n<meta property=\"og:locale\" content=\"en_GB\" \/>\n<meta property=\"og:type\" content=\"article\" \/>\n<meta property=\"og:title\" content=\"Zakonodaja - Pogodba.net\" \/>\n<meta property=\"og:description\" content=\"ZAKONODAJA S klikom na spodnjo ikono si lahko ogledate in prenesete besedila nekaterih pomembnih zakonodajnih pravnih aktov v Republiki Sloveniji. OBLIGACIJSKI ZAKONIK(OZ) ZAKON O DELOVNIHRAZMERJIH(ZDR-1) ZAKON O GOSPODARSKIHDRU\u017dBAH(ZGD-1) ZAKON O VARSTVUJAVNEGA REDA IN MIRU(ZJRM-1) ZAKON O VARSTVUOSEBNIH PODATKOV(ZVOP-2) SPLO\u0160NA UREDBA OVARSTVU PODATKOV(GDPR) ZAKON OPREKR\u0160KIH(ZP-1) ZAKON O PRAVILIHCESTNEGA PROMETA(ZPRCP)\" \/>\n<meta property=\"og:url\" content=\"https:\/\/pogodba.net\/en\/zakonodaja\/\" \/>\n<meta property=\"og:site_name\" content=\"Pogodba.net\" \/>\n<meta property=\"article:publisher\" content=\"https:\/\/www.facebook.com\/pogodba.net\" \/>\n<meta property=\"article:modified_time\" content=\"2024-11-09T21:25:03+00:00\" \/>\n<meta property=\"og:image\" content=\"https:\/\/pogodba.net\/wp-content\/uploads\/2024\/11\/Zakonodaja-1024x576.jpg\" \/>\n<meta name=\"twitter:card\" content=\"summary_large_image\" \/>\n<meta name=\"twitter:label1\" content=\"Estimated reading time\" \/>\n\t<meta name=\"twitter:data1\" content=\"1 minute\" \/>\n<script type=\"application\/ld+json\" class=\"yoast-schema-graph\">{\"@context\":\"https:\/\/schema.org\",\"@graph\":[{\"@type\":\"WebPage\",\"@id\":\"https:\/\/pogodba.net\/zakonodaja\/\",\"url\":\"https:\/\/pogodba.net\/zakonodaja\/\",\"name\":\"Zakonodaja - Pogodba.net\",\"isPartOf\":{\"@id\":\"https:\/\/pogodba.net\/#website\"},\"primaryImageOfPage\":{\"@id\":\"https:\/\/pogodba.net\/zakonodaja\/#primaryimage\"},\"image\":{\"@id\":\"https:\/\/pogodba.net\/zakonodaja\/#primaryimage\"},\"thumbnailUrl\":\"https:\/\/pogodba.net\/wp-content\/uploads\/2024\/11\/Zakonodaja-1024x576.jpg\",\"datePublished\":\"2024-11-09T15:47:47+00:00\",\"dateModified\":\"2024-11-09T21:25:03+00:00\",\"breadcrumb\":{\"@id\":\"https:\/\/pogodba.net\/zakonodaja\/#breadcrumb\"},\"inLanguage\":\"en-GB\",\"potentialAction\":[{\"@type\":\"ReadAction\",\"target\":[\"https:\/\/pogodba.net\/zakonodaja\/\"]}]},{\"@type\":\"ImageObject\",\"inLanguage\":\"en-GB\",\"@id\":\"https:\/\/pogodba.net\/zakonodaja\/#primaryimage\",\"url\":\"https:\/\/pogodba.net\/wp-content\/uploads\/2024\/11\/Zakonodaja-1024x576.jpg\",\"contentUrl\":\"https:\/\/pogodba.net\/wp-content\/uploads\/2024\/11\/Zakonodaja-1024x576.jpg\"},{\"@type\":\"BreadcrumbList\",\"@id\":\"https:\/\/pogodba.net\/zakonodaja\/#breadcrumb\",\"itemListElement\":[{\"@type\":\"ListItem\",\"position\":1,\"name\":\"Domov\",\"item\":\"https:\/\/pogodba.net\/\"},{\"@type\":\"ListItem\",\"position\":2,\"name\":\"Zakonodaja\"}]},{\"@type\":\"WebSite\",\"@id\":\"https:\/\/pogodba.net\/#website\",\"url\":\"https:\/\/pogodba.net\/\",\"name\":\"Pogodba.net\",\"description\":\"Va\u0161a modra odlo\u010ditev.\",\"publisher\":{\"@id\":\"https:\/\/pogodba.net\/#organization\"},\"potentialAction\":[{\"@type\":\"SearchAction\",\"target\":{\"@type\":\"EntryPoint\",\"urlTemplate\":\"https:\/\/pogodba.net\/?s={search_term_string}\"},\"query-input\":{\"@type\":\"PropertyValueSpecification\",\"valueRequired\":true,\"valueName\":\"search_term_string\"}}],\"inLanguage\":\"en-GB\"},{\"@type\":\"Organization\",\"@id\":\"https:\/\/pogodba.net\/#organization\",\"name\":\"Pogodba.net\",\"url\":\"https:\/\/pogodba.net\/\",\"logo\":{\"@type\":\"ImageObject\",\"inLanguage\":\"en-GB\",\"@id\":\"https:\/\/pogodba.net\/#\/schema\/logo\/image\/\",\"url\":\"https:\/\/pogodba.net\/wp-content\/uploads\/2021\/10\/Pogodba.net-logotip-modro-ozadje.svg\",\"contentUrl\":\"https:\/\/pogodba.net\/wp-content\/uploads\/2021\/10\/Pogodba.net-logotip-modro-ozadje.svg\",\"width\":500,\"height\":500,\"caption\":\"Pogodba.net\"},\"image\":{\"@id\":\"https:\/\/pogodba.net\/#\/schema\/logo\/image\/\"},\"sameAs\":[\"https:\/\/www.facebook.com\/pogodba.net\"]}]}<\/script>\n<!-- \/ Yoast SEO plugin. -->","yoast_head_json":{"title":"Zakonodaja - Pogodba.net","robots":{"index":"index","follow":"follow","max-snippet":"max-snippet:-1","max-image-preview":"max-image-preview:large","max-video-preview":"max-video-preview:-1"},"canonical":"https:\/\/pogodba.net\/en\/zakonodaja\/","og_locale":"en_GB","og_type":"article","og_title":"Zakonodaja - Pogodba.net","og_description":"ZAKONODAJA S klikom na spodnjo ikono si lahko ogledate in prenesete besedila nekaterih pomembnih zakonodajnih pravnih aktov v Republiki Sloveniji. OBLIGACIJSKI ZAKONIK(OZ) ZAKON O DELOVNIHRAZMERJIH(ZDR-1) ZAKON O GOSPODARSKIHDRU\u017dBAH(ZGD-1) ZAKON O VARSTVUJAVNEGA REDA IN MIRU(ZJRM-1) ZAKON O VARSTVUOSEBNIH PODATKOV(ZVOP-2) SPLO\u0160NA UREDBA OVARSTVU PODATKOV(GDPR) ZAKON OPREKR\u0160KIH(ZP-1) ZAKON O PRAVILIHCESTNEGA PROMETA(ZPRCP)","og_url":"https:\/\/pogodba.net\/en\/zakonodaja\/","og_site_name":"Pogodba.net","article_publisher":"https:\/\/www.facebook.com\/pogodba.net","article_modified_time":"2024-11-09T21:25:03+00:00","og_image":[{"url":"https:\/\/pogodba.net\/wp-content\/uploads\/2024\/11\/Zakonodaja-1024x576.jpg","type":"","width":"","height":""}],"twitter_card":"summary_large_image","twitter_misc":{"Estimated reading time":"1 minute"},"schema":{"@context":"https:\/\/schema.org","@graph":[{"@type":"WebPage","@id":"https:\/\/pogodba.net\/zakonodaja\/","url":"https:\/\/pogodba.net\/zakonodaja\/","name":"Zakonodaja - Pogodba.net","isPartOf":{"@id":"https:\/\/pogodba.net\/#website"},"primaryImageOfPage":{"@id":"https:\/\/pogodba.net\/zakonodaja\/#primaryimage"},"image":{"@id":"https:\/\/pogodba.net\/zakonodaja\/#primaryimage"},"thumbnailUrl":"https:\/\/pogodba.net\/wp-content\/uploads\/2024\/11\/Zakonodaja-1024x576.jpg","datePublished":"2024-11-09T15:47:47+00:00","dateModified":"2024-11-09T21:25:03+00:00","breadcrumb":{"@id":"https:\/\/pogodba.net\/zakonodaja\/#breadcrumb"},"inLanguage":"en-GB","potentialAction":[{"@type":"ReadAction","target":["https:\/\/pogodba.net\/zakonodaja\/"]}]},{"@type":"ImageObject","inLanguage":"en-GB","@id":"https:\/\/pogodba.net\/zakonodaja\/#primaryimage","url":"https:\/\/pogodba.net\/wp-content\/uploads\/2024\/11\/Zakonodaja-1024x576.jpg","contentUrl":"https:\/\/pogodba.net\/wp-content\/uploads\/2024\/11\/Zakonodaja-1024x576.jpg"},{"@type":"BreadcrumbList","@id":"https:\/\/pogodba.net\/zakonodaja\/#breadcrumb","itemListElement":[{"@type":"ListItem","position":1,"name":"Domov","item":"https:\/\/pogodba.net\/"},{"@type":"ListItem","position":2,"name":"Zakonodaja"}]},{"@type":"WebSite","@id":"https:\/\/pogodba.net\/#website","url":"https:\/\/pogodba.net\/","name":"Contract.net","description":"Va\u0161a modra odlo\u010ditev.","publisher":{"@id":"https:\/\/pogodba.net\/#organization"},"potentialAction":[{"@type":"SearchAction","target":{"@type":"EntryPoint","urlTemplate":"https:\/\/pogodba.net\/?s={search_term_string}"},"query-input":{"@type":"PropertyValueSpecification","valueRequired":true,"valueName":"search_term_string"}}],"inLanguage":"en-GB"},{"@type":"Organization","@id":"https:\/\/pogodba.net\/#organization","name":"Contract.net","url":"https:\/\/pogodba.net\/","logo":{"@type":"ImageObject","inLanguage":"en-GB","@id":"https:\/\/pogodba.net\/#\/schema\/logo\/image\/","url":"https:\/\/pogodba.net\/wp-content\/uploads\/2021\/10\/Pogodba.net-logotip-modro-ozadje.svg","contentUrl":"https:\/\/pogodba.net\/wp-content\/uploads\/2021\/10\/Pogodba.net-logotip-modro-ozadje.svg","width":500,"height":500,"caption":"Pogodba.net"},"image":{"@id":"https:\/\/pogodba.net\/#\/schema\/logo\/image\/"},"sameAs":["https:\/\/www.facebook.com\/pogodba.net"]}]}},"_links":{"self":[{"href":"https:\/\/pogodba.net\/en\/wp-json\/wp\/v2\/pages\/6558","targetHints":{"allow":["GET"]}}],"collection":[{"href":"https:\/\/pogodba.net\/en\/wp-json\/wp\/v2\/pages"}],"about":[{"href":"https:\/\/pogodba.net\/en\/wp-json\/wp\/v2\/types\/page"}],"author":[{"embeddable":true,"href":"https:\/\/pogodba.net\/en\/wp-json\/wp\/v2\/users\/1"}],"replies":[{"embeddable":true,"href":"https:\/\/pogodba.net\/en\/wp-json\/wp\/v2\/comments?post=6558"}],"version-history":[{"count":0,"href":"https:\/\/pogodba.net\/en\/wp-json\/wp\/v2\/pages\/6558\/revisions"}],"wp:attachment":[{"href":"https:\/\/pogodba.net\/en\/wp-json\/wp\/v2\/media?parent=6558"}],"curies":[{"name":"wp","href":"https:\/\/api.w.org\/{rel}","templated":true}]}}