{"id":5081,"date":"2023-04-18T19:01:52","date_gmt":"2023-04-18T19:01:52","guid":{"rendered":"https:\/\/dev.pogodba.net\/?page_id=5081"},"modified":"2023-05-04T17:57:58","modified_gmt":"2023-05-04T17:57:58","slug":"dedovanje-v-tujini","status":"publish","type":"page","link":"https:\/\/pogodba.net\/en\/dedovanje-v-tujini\/","title":{"rendered":"Dedovanje v tujini"},"content":{"rendered":"<div data-elementor-type=\"wp-page\" data-elementor-id=\"5081\" class=\"elementor elementor-5081\" data-elementor-settings=\"{&quot;ha_cmc_init_switcher&quot;:&quot;no&quot;}\" data-elementor-post-type=\"page\">\n\t\t\t\t\t\t<section class=\"elementor-section elementor-top-section elementor-element elementor-element-374532df elementor-section-boxed elementor-section-height-default elementor-section-height-default\" data-id=\"374532df\" data-element_type=\"section\">\n\t\t\t\t\t\t<div class=\"elementor-container elementor-column-gap-default\">\n\t\t\t\t\t<div class=\"elementor-column elementor-col-100 elementor-top-column elementor-element elementor-element-732ee275\" data-id=\"732ee275\" data-element_type=\"column\">\n\t\t\t<div class=\"elementor-widget-wrap elementor-element-populated\">\n\t\t\t\t\t\t<div class=\"elementor-element elementor-element-7beed10 elementor-align-left elementor-widget elementor-widget-global elementor-global-5170 elementor-widget-breadcrumbs\" data-id=\"7beed10\" data-element_type=\"widget\" data-widget_type=\"breadcrumbs.default\">\n\t\t\t\t<div class=\"elementor-widget-container\">\n\t\t\t\t\t<p id=\"breadcrumbs\"><span><span><a href=\"https:\/\/pogodba.net\/en\/\">Home<\/a><\/span><\/span><\/p>\t\t\t\t<\/div>\n\t\t\t\t<\/div>\n\t\t\t\t<section class=\"elementor-section elementor-inner-section elementor-element elementor-element-3e12bac elementor-section-boxed elementor-section-height-default elementor-section-height-default\" data-id=\"3e12bac\" data-element_type=\"section\">\n\t\t\t\t\t\t<div class=\"elementor-container elementor-column-gap-no\">\n\t\t\t\t\t<div class=\"elementor-column elementor-col-100 elementor-inner-column elementor-element elementor-element-f0dd590\" data-id=\"f0dd590\" data-element_type=\"column\">\n\t\t\t<div class=\"elementor-widget-wrap elementor-element-populated\">\n\t\t\t\t\t\t<div class=\"elementor-element elementor-element-3d40d0ea elementor-widget elementor-widget-text-editor\" data-id=\"3d40d0ea\" data-element_type=\"widget\" data-widget_type=\"text-editor.default\">\n\t\t\t\t<div class=\"elementor-widget-container\">\n\t\t\t\t\t\t\t\t\t<p>\u010ce ste dedi\u010d premo\u017eenja v tujini ali boste to v kratkem postali, ne oklevajte in se za za\u0161\u010dito pravnih interesov \u010dimprej obrnite na nas.<\/p><p>Za pravno svetovanje izpolnite spodnji obrazec.<\/p>\t\t\t\t\t\t\t\t<\/div>\n\t\t\t\t<\/div>\n\t\t\t\t\t<\/div>\n\t\t<\/div>\n\t\t\t\t\t<\/div>\n\t\t<\/section>\n\t\t\t\t<div class=\"elementor-element elementor-element-1b20f443 elementor-hidden-tablet elementor-hidden-mobile elementor-button-align-stretch elementor-widget elementor-widget-form\" data-id=\"1b20f443\" data-element_type=\"widget\" data-settings=\"{&quot;step_next_label&quot;:&quot;NAPREJ&quot;,&quot;step_previous_label&quot;:&quot;NAZAJ&quot;,&quot;step_icon_shape&quot;:&quot;rounded&quot;,&quot;button_width&quot;:&quot;100&quot;,&quot;step_type&quot;:&quot;number_text&quot;}\" data-widget_type=\"form.default\">\n\t\t\t\t<div class=\"elementor-widget-container\">\n\t\t\t\t\t\t\t<form class=\"elementor-form\" method=\"post\" id=\"narocanje_storitev\" name=\"Obrazec za prodajno pogodbo\" aria-label=\"Obrazec za prodajno pogodbo\" action=\"\">\n\t\t\t<input type=\"hidden\" name=\"post_id\" value=\"5081\"\/>\n\t\t\t<input type=\"hidden\" name=\"form_id\" value=\"1b20f443\"\/>\n\t\t\t<input type=\"hidden\" name=\"referer_title\" value=\"Pogodba.net\" \/>\n\n\t\t\t\n\t\t\t<div class=\"elementor-form-fields-wrapper elementor-labels-above\">\n\t\t\t\t\t\t\t\t<div class=\"elementor-field-type-step elementor-field-group elementor-column elementor-field-group-field_f057ef9 elementor-col-100\">\n\t\t\t\t\t\t\t<div class=\"e-field-step elementor-hidden\" data-label=\"Va\u0161i podatki\" data-previousbutton=\"\" data-nextbutton=\"\" data-iconurl=\"\" data-iconlibrary=\"fas fa-star\" data-icon=\"\" ><\/div>\n\n\t\t\t\t\t\t<\/div>\n\t\t\t\t\t\t\t\t<div class=\"elementor-field-type-text elementor-field-group elementor-column elementor-field-group-field_c5f584d elementor-col-100\">\n\t\t\t\t\t\t\t\t\t\t\t\t<label for=\"form-field-field_c5f584d\" class=\"elementor-field-label\">\n\t\t\t\t\t\t\t\tVa\u0161i podatki\t\t\t\t\t\t\t<\/label>\n\t\t\t\t\t\t\t\t\t\t\t\t\t\t<input size=\"1\" type=\"text\" name=\"form_fields[field_c5f584d]\" id=\"form-field-field_c5f584d\" class=\"elementor-field elementor-size-sm  elementor-field-textual\" placeholder=\"Name and surname of a natural person\">\n\t\t\t\t\t\t\t\t\t\t\t<\/div>\n\t\t\t\t\t\t\t\t<div class=\"elementor-field-type-text elementor-field-group elementor-column elementor-field-group-field_354ca1b elementor-col-100\">\n\t\t\t\t\t\t\t\t\t\t\t\t\t<input size=\"1\" type=\"text\" name=\"form_fields[field_354ca1b]\" id=\"form-field-field_354ca1b\" class=\"elementor-field elementor-size-sm  elementor-field-textual\" placeholder=\"Address\">\n\t\t\t\t\t\t\t\t\t\t\t<\/div>\n\t\t\t\t\t\t\t\t<div class=\"elementor-field-type-step elementor-field-group elementor-column elementor-field-group-field_2a1abd0 elementor-col-100\">\n\t\t\t\t\t\t\t<div class=\"e-field-step elementor-hidden\" data-label=\"Dedno razmerje\" data-previousbutton=\"\" data-nextbutton=\"\" data-iconurl=\"\" data-iconlibrary=\"fas fa-star\" data-icon=\"\" ><\/div>\n\n\t\t\t\t\t\t<\/div>\n\t\t\t\t\t\t\t\t<div class=\"elementor-field-type-textarea elementor-field-group elementor-column elementor-field-group-field_63d489d elementor-col-100\">\n\t\t\t\t\t\t\t\t\t\t\t\t<label for=\"form-field-field_63d489d\" class=\"elementor-field-label\">\n\t\t\t\t\t\t\t\tDedno razmerje\t\t\t\t\t\t\t<\/label>\n\t\t\t\t\t\t<textarea class=\"elementor-field-textual elementor-field  elementor-size-sm\" name=\"form_fields[field_63d489d]\" id=\"form-field-field_63d489d\" rows=\"4\" placeholder=\"Kak\u0161no je va\u0161e razmerje do zapustnika ter kaj boste dedovali.\"><\/textarea>\t\t\t\t<\/div>\n\t\t\t\t\t\t\t\t<div class=\"elementor-field-type-step elementor-field-group elementor-column elementor-field-group-field_199bd85 elementor-col-100\">\n\t\t\t\t\t\t\t<div class=\"e-field-step elementor-hidden\" data-label=\"Prilo\u017ei datoteke\" data-previousbutton=\"\" data-nextbutton=\"\" data-iconurl=\"\" data-iconlibrary=\"fas fa-star\" data-icon=\"\" ><\/div>\n\n\t\t\t\t\t\t<\/div>\n\t\t\t\t\t\t\t\t<div class=\"elementor-field-type-upload elementor-field-group elementor-column elementor-field-group-field_3e48a29 elementor-col-100\">\n\t\t\t\t\t\t\t\t\t\t\t\t<label for=\"form-field-field_3e48a29\" class=\"elementor-field-label\">\n\t\t\t\t\t\t\t\tAttach files\t\t\t\t\t\t\t<\/label>\n\t\t\t\t\t\t\t\t<input type=\"file\" name=\"form_fields[field_3e48a29][]\" id=\"form-field-field_3e48a29\" class=\"elementor-field elementor-size-sm  elementor-upload-field\" multiple=\"multiple\" data-maxsize=\"25\" data-maxsize-message=\"This file exceeds the maximum allowed size.\">\n\n\t\t\t\t\t\t<\/div>\n\t\t\t\t\t\t\t\t<div class=\"elementor-field-type-step elementor-field-group elementor-column elementor-field-group-field_9469376 elementor-col-100\">\n\t\t\t\t\t\t\t<div class=\"e-field-step elementor-hidden\" data-label=\"Kontaktni podatki\" data-previousbutton=\"\" data-nextbutton=\"\" data-iconurl=\"\" data-iconlibrary=\"fas fa-star\" data-icon=\"\" ><\/div>\n\n\t\t\t\t\t\t<\/div>\n\t\t\t\t\t\t\t\t<div class=\"elementor-field-type-email elementor-field-group elementor-column elementor-field-group-name elementor-col-100 elementor-field-required\">\n\t\t\t\t\t\t\t\t\t\t\t\t<label for=\"form-field-name\" class=\"elementor-field-label\">\n\t\t\t\t\t\t\t\tcontact details\t\t\t\t\t\t\t<\/label>\n\t\t\t\t\t\t\t\t\t\t\t\t\t\t<input size=\"1\" type=\"email\" name=\"form_fields[name]\" id=\"form-field-name\" class=\"elementor-field elementor-size-sm  elementor-field-textual\" placeholder=\"E-mail\" required=\"required\">\n\t\t\t\t\t\t\t\t\t\t\t<\/div>\n\t\t\t\t\t\t\t\t<div class=\"elementor-field-type-tel elementor-field-group elementor-column elementor-field-group-field_a421d18 elementor-col-100\">\n\t\t\t\t\t\t\t<input size=\"1\" type=\"tel\" name=\"form_fields[field_a421d18]\" id=\"form-field-field_a421d18\" class=\"elementor-field elementor-size-sm  elementor-field-textual\" placeholder=\"Phone Number\" pattern=\"[0-9()#&amp;+*-=.]+\" title=\"Only numbers and phone characters (#, -, *, etc) are accepted.\">\n\n\t\t\t\t\t\t<\/div>\n\t\t\t\t\t\t\t\t<div class=\"elementor-field-type-email elementor-field-group elementor-column elementor-field-group-field_229b7ae elementor-col-100\">\n\t\t\t\t\t\t\t\t\t\t\t\t\t<input size=\"1\" type=\"email\" name=\"form_fields[field_229b7ae]\" id=\"form-field-field_229b7ae\" class=\"elementor-field elementor-size-sm  elementor-field-textual\" placeholder=\"Other contact information if necessary\">\n\t\t\t\t\t\t\t\t\t\t\t<\/div>\n\t\t\t\t\t\t\t\t<div class=\"elementor-field-type-step elementor-field-group elementor-column elementor-field-group-field_1360f1f elementor-col-100\">\n\t\t\t\t\t\t\t<div class=\"e-field-step elementor-hidden\" data-label=\"Naro\u010di\" data-previousbutton=\"\" data-nextbutton=\"\" data-iconurl=\"\" data-iconlibrary=\"fas fa-star\" data-icon=\"\" ><\/div>\n\n\t\t\t\t\t\t<\/div>\n\t\t\t\t\t\t\t\t<div class=\"elementor-field-type-html elementor-field-group elementor-column elementor-field-group-field_906fb02 elementor-col-100\">\n\t\t\t\t\t<span style=\"font-size: 18px; font-weight: 500; color:#12385D;\">By clicking the ORDER button, I guarantee the correctness of the entered data and agree to the processing of personal data in accordance with s <a href=\"https:\/\/eur-lex.europa.eu\/legal-content\/SL\/TXT\/?uri=CELEX%3A32016R0679\">General Data Protection Regulation (GDPR)<\/a> and <a href=\"http:\/\/www.pisrs.si\/Pis.web\/pregledPredpisa?id=ZAKO7959\">The Personal Data Protection Act (ZVOP-2)<\/a> and <a href=\"\/en\/politika-zasebnosti-in-piskotki\/\">Privacy Policy<\/a>.\t\t\t\t<\/div>\n\t\t\t\t\t\t\t\t<div class=\"elementor-field-group elementor-column elementor-field-type-submit elementor-col-100 e-form__buttons\">\n\t\t\t\t\t<button class=\"elementor-button elementor-size-sm\" type=\"submit\">\n\t\t\t\t\t\t<span class=\"elementor-button-content-wrapper\">\n\t\t\t\t\t\t\t\t\t\t\t\t\t\t\t\t\t\t\t\t\t\t<span class=\"elementor-button-text\">ORDER<\/span>\n\t\t\t\t\t\t\t\t\t\t\t\t\t<\/span>\n\t\t\t\t\t<\/button>\n\t\t\t\t<\/div>\n\t\t\t<\/div>\n\t\t<input type=\"hidden\" name=\"trp-form-language\" value=\"en\"\/><\/form>\n\t\t\t\t\t\t<\/div>\n\t\t\t\t<\/div>\n\t\t\t\t<div class=\"elementor-element elementor-element-2578013 elementor-hidden-desktop elementor-button-align-stretch elementor-widget elementor-widget-form\" data-id=\"2578013\" data-element_type=\"widget\" data-settings=\"{&quot;step_next_label&quot;:&quot;NAPREJ&quot;,&quot;step_previous_label&quot;:&quot;NAZAJ&quot;,&quot;step_type&quot;:&quot;progress_bar&quot;,&quot;button_width&quot;:&quot;100&quot;}\" data-widget_type=\"form.default\">\n\t\t\t\t<div class=\"elementor-widget-container\">\n\t\t\t\t\t\t\t<form class=\"elementor-form\" method=\"post\" id=\"narocanje_storitev\" name=\"Obrazec za prodajno pogodbo\" aria-label=\"Obrazec za prodajno pogodbo\" action=\"\">\n\t\t\t<input type=\"hidden\" name=\"post_id\" value=\"5081\"\/>\n\t\t\t<input type=\"hidden\" name=\"form_id\" value=\"2578013\"\/>\n\t\t\t<input type=\"hidden\" name=\"referer_title\" value=\"Pogodba.net\" \/>\n\n\t\t\t\n\t\t\t<div class=\"elementor-form-fields-wrapper elementor-labels-above\">\n\t\t\t\t\t\t\t\t<div class=\"elementor-field-type-step elementor-field-group elementor-column elementor-field-group-field_f057ef9 elementor-col-100\">\n\t\t\t\t\t\t\t<div class=\"e-field-step elementor-hidden\" data-label=\"Va\u0161i podatki\" data-previousbutton=\"\" data-nextbutton=\"\" data-iconurl=\"\" data-iconlibrary=\"fas fa-star\" data-icon=\"\" ><\/div>\n\n\t\t\t\t\t\t<\/div>\n\t\t\t\t\t\t\t\t<div class=\"elementor-field-type-text elementor-field-group elementor-column elementor-field-group-field_c5f584d elementor-col-100\">\n\t\t\t\t\t\t\t\t\t\t\t\t<label for=\"form-field-field_c5f584d\" class=\"elementor-field-label\">\n\t\t\t\t\t\t\t\tVa\u0161i podatki\t\t\t\t\t\t\t<\/label>\n\t\t\t\t\t\t\t\t\t\t\t\t\t\t<input size=\"1\" type=\"text\" name=\"form_fields[field_c5f584d]\" id=\"form-field-field_c5f584d\" class=\"elementor-field elementor-size-sm  elementor-field-textual\" placeholder=\"Name and surname of a natural person\">\n\t\t\t\t\t\t\t\t\t\t\t<\/div>\n\t\t\t\t\t\t\t\t<div class=\"elementor-field-type-text elementor-field-group elementor-column elementor-field-group-field_354ca1b elementor-col-100\">\n\t\t\t\t\t\t\t\t\t\t\t\t\t<input size=\"1\" type=\"text\" name=\"form_fields[field_354ca1b]\" id=\"form-field-field_354ca1b\" class=\"elementor-field elementor-size-sm  elementor-field-textual\" placeholder=\"Address\">\n\t\t\t\t\t\t\t\t\t\t\t<\/div>\n\t\t\t\t\t\t\t\t<div class=\"elementor-field-type-step elementor-field-group elementor-column elementor-field-group-field_2a1abd0 elementor-col-100\">\n\t\t\t\t\t\t\t<div class=\"e-field-step elementor-hidden\" data-label=\"Dedno razmerje\" data-previousbutton=\"\" data-nextbutton=\"\" data-iconurl=\"\" data-iconlibrary=\"fas fa-star\" data-icon=\"\" ><\/div>\n\n\t\t\t\t\t\t<\/div>\n\t\t\t\t\t\t\t\t<div class=\"elementor-field-type-textarea elementor-field-group elementor-column elementor-field-group-field_63d489d elementor-col-100\">\n\t\t\t\t\t\t\t\t\t\t\t\t<label for=\"form-field-field_63d489d\" class=\"elementor-field-label\">\n\t\t\t\t\t\t\t\tDedno razmerje\t\t\t\t\t\t\t<\/label>\n\t\t\t\t\t\t<textarea class=\"elementor-field-textual elementor-field  elementor-size-sm\" name=\"form_fields[field_63d489d]\" id=\"form-field-field_63d489d\" rows=\"4\" placeholder=\"Kak\u0161no je va\u0161e razmerje do zapustnika ter kaj boste dedovali.\"><\/textarea>\t\t\t\t<\/div>\n\t\t\t\t\t\t\t\t<div class=\"elementor-field-type-step elementor-field-group elementor-column elementor-field-group-field_199bd85 elementor-col-100\">\n\t\t\t\t\t\t\t<div class=\"e-field-step elementor-hidden\" data-label=\"Prilo\u017ei datoteke\" data-previousbutton=\"\" data-nextbutton=\"\" data-iconurl=\"\" data-iconlibrary=\"fas fa-star\" data-icon=\"\" ><\/div>\n\n\t\t\t\t\t\t<\/div>\n\t\t\t\t\t\t\t\t<div class=\"elementor-field-type-upload elementor-field-group elementor-column elementor-field-group-field_3e48a29 elementor-col-100\">\n\t\t\t\t\t\t\t\t\t\t\t\t<label for=\"form-field-field_3e48a29\" class=\"elementor-field-label\">\n\t\t\t\t\t\t\t\tAttach files\t\t\t\t\t\t\t<\/label>\n\t\t\t\t\t\t\t\t<input type=\"file\" name=\"form_fields[field_3e48a29][]\" id=\"form-field-field_3e48a29\" class=\"elementor-field elementor-size-sm  elementor-upload-field\" multiple=\"multiple\" data-maxsize=\"25\" data-maxsize-message=\"This file exceeds the maximum allowed size.\">\n\n\t\t\t\t\t\t<\/div>\n\t\t\t\t\t\t\t\t<div class=\"elementor-field-type-step elementor-field-group elementor-column elementor-field-group-field_9469376 elementor-col-100\">\n\t\t\t\t\t\t\t<div class=\"e-field-step elementor-hidden\" data-label=\"Kontaktni podatki\" data-previousbutton=\"\" data-nextbutton=\"\" data-iconurl=\"\" data-iconlibrary=\"fas fa-star\" data-icon=\"\" ><\/div>\n\n\t\t\t\t\t\t<\/div>\n\t\t\t\t\t\t\t\t<div class=\"elementor-field-type-email elementor-field-group elementor-column elementor-field-group-name elementor-col-100 elementor-field-required\">\n\t\t\t\t\t\t\t\t\t\t\t\t<label for=\"form-field-name\" class=\"elementor-field-label\">\n\t\t\t\t\t\t\t\tcontact details\t\t\t\t\t\t\t<\/label>\n\t\t\t\t\t\t\t\t\t\t\t\t\t\t<input size=\"1\" type=\"email\" name=\"form_fields[name]\" id=\"form-field-name\" class=\"elementor-field elementor-size-sm  elementor-field-textual\" placeholder=\"E-mail\" required=\"required\">\n\t\t\t\t\t\t\t\t\t\t\t<\/div>\n\t\t\t\t\t\t\t\t<div class=\"elementor-field-type-tel elementor-field-group elementor-column elementor-field-group-field_a421d18 elementor-col-100\">\n\t\t\t\t\t\t\t<input size=\"1\" type=\"tel\" name=\"form_fields[field_a421d18]\" id=\"form-field-field_a421d18\" class=\"elementor-field elementor-size-sm  elementor-field-textual\" placeholder=\"Phone Number\" pattern=\"[0-9()#&amp;+*-=.]+\" title=\"Only numbers and phone characters (#, -, *, etc) are accepted.\">\n\n\t\t\t\t\t\t<\/div>\n\t\t\t\t\t\t\t\t<div class=\"elementor-field-type-email elementor-field-group elementor-column elementor-field-group-field_229b7ae elementor-col-100\">\n\t\t\t\t\t\t\t\t\t\t\t\t\t<input size=\"1\" type=\"email\" name=\"form_fields[field_229b7ae]\" id=\"form-field-field_229b7ae\" class=\"elementor-field elementor-size-sm  elementor-field-textual\" placeholder=\"Other contact information if necessary\">\n\t\t\t\t\t\t\t\t\t\t\t<\/div>\n\t\t\t\t\t\t\t\t<div class=\"elementor-field-type-step elementor-field-group elementor-column elementor-field-group-field_1360f1f elementor-col-100\">\n\t\t\t\t\t\t\t<div class=\"e-field-step elementor-hidden\" data-label=\"Naro\u010di\" data-previousbutton=\"\" data-nextbutton=\"\" data-iconurl=\"\" data-iconlibrary=\"fas fa-star\" data-icon=\"\" ><\/div>\n\n\t\t\t\t\t\t<\/div>\n\t\t\t\t\t\t\t\t<div class=\"elementor-field-type-html elementor-field-group elementor-column elementor-field-group-field_906fb02 elementor-col-100\">\n\t\t\t\t\t<span style=\"font-size: 18px; font-weight: 500; color:#12385D;\">By clicking the ORDER button, I guarantee the correctness of the entered data and agree to the processing of personal data in accordance with s <a href=\"https:\/\/eur-lex.europa.eu\/legal-content\/SL\/TXT\/?uri=CELEX%3A32016R0679\">General Data Protection Regulation (GDPR)<\/a> and <a href=\"http:\/\/www.pisrs.si\/Pis.web\/pregledPredpisa?id=ZAKO7959\">The Personal Data Protection Act (ZVOP-2)<\/a> and <a href=\"\/en\/politika-zasebnosti-in-piskotki\/\">Privacy Policy<\/a>.\t\t\t\t<\/div>\n\t\t\t\t\t\t\t\t<div class=\"elementor-field-group elementor-column elementor-field-type-submit elementor-col-100 e-form__buttons\">\n\t\t\t\t\t<button class=\"elementor-button elementor-size-sm\" type=\"submit\">\n\t\t\t\t\t\t<span class=\"elementor-button-content-wrapper\">\n\t\t\t\t\t\t\t\t\t\t\t\t\t\t\t\t\t\t\t\t\t\t<span class=\"elementor-button-text\">ORDER<\/span>\n\t\t\t\t\t\t\t\t\t\t\t\t\t<\/span>\n\t\t\t\t\t<\/button>\n\t\t\t\t<\/div>\n\t\t\t<\/div>\n\t\t<input type=\"hidden\" name=\"trp-form-language\" value=\"en\"\/><\/form>\n\t\t\t\t\t\t<\/div>\n\t\t\t\t<\/div>\n\t\t\t\t\t<\/div>\n\t\t<\/div>\n\t\t\t\t\t<\/div>\n\t\t<\/section>\n\t\t\t\t<\/div>","protected":false},"excerpt":{"rendered":"<p>\u010ce ste dedi\u010d premo\u017eenja v tujini ali boste to v kratkem postali, ne oklevajte in se za za\u0161\u010dito pravnih interesov \u010dimprej obrnite na nas. Za pravno svetovanje izpolnite spodnji obrazec.<\/p>","protected":false},"author":1,"featured_media":0,"parent":0,"menu_order":0,"comment_status":"closed","ping_status":"closed","template":"","meta":{"footnotes":""},"class_list":["post-5081","page","type-page","status-publish","hentry"],"yoast_head":"<!-- This site is optimized with the Yoast SEO plugin v25.5 - https:\/\/yoast.com\/wordpress\/plugins\/seo\/ -->\n<title>Dedovanje v tujini - Pogodba.net<\/title>\n<meta name=\"robots\" content=\"index, follow, max-snippet:-1, max-image-preview:large, max-video-preview:-1\" \/>\n<link rel=\"canonical\" href=\"https:\/\/pogodba.net\/en\/dedovanje-v-tujini\/\" \/>\n<meta property=\"og:locale\" content=\"en_GB\" \/>\n<meta property=\"og:type\" content=\"article\" \/>\n<meta property=\"og:title\" content=\"Dedovanje v tujini - Pogodba.net\" \/>\n<meta property=\"og:description\" content=\"\u010ce ste dedi\u010d premo\u017eenja v tujini ali boste to v kratkem postali, ne oklevajte in se za za\u0161\u010dito pravnih interesov \u010dimprej obrnite na nas. Za pravno svetovanje izpolnite spodnji obrazec.\" \/>\n<meta property=\"og:url\" content=\"https:\/\/pogodba.net\/en\/dedovanje-v-tujini\/\" \/>\n<meta property=\"og:site_name\" content=\"Pogodba.net\" \/>\n<meta property=\"article:publisher\" content=\"https:\/\/www.facebook.com\/pogodba.net\" \/>\n<meta property=\"article:modified_time\" content=\"2023-05-04T17:57:58+00:00\" \/>\n<meta name=\"twitter:card\" content=\"summary_large_image\" \/>\n<meta name=\"twitter:label1\" content=\"Estimated reading time\" \/>\n\t<meta name=\"twitter:data1\" content=\"1 minute\" \/>\n<script type=\"application\/ld+json\" class=\"yoast-schema-graph\">{\"@context\":\"https:\/\/schema.org\",\"@graph\":[{\"@type\":\"WebPage\",\"@id\":\"https:\/\/pogodba.net\/dedovanje-v-tujini\/\",\"url\":\"https:\/\/pogodba.net\/dedovanje-v-tujini\/\",\"name\":\"Dedovanje v tujini - Pogodba.net\",\"isPartOf\":{\"@id\":\"https:\/\/pogodba.net\/#website\"},\"datePublished\":\"2023-04-18T19:01:52+00:00\",\"dateModified\":\"2023-05-04T17:57:58+00:00\",\"breadcrumb\":{\"@id\":\"https:\/\/pogodba.net\/dedovanje-v-tujini\/#breadcrumb\"},\"inLanguage\":\"en-GB\",\"potentialAction\":[{\"@type\":\"ReadAction\",\"target\":[\"https:\/\/pogodba.net\/dedovanje-v-tujini\/\"]}]},{\"@type\":\"BreadcrumbList\",\"@id\":\"https:\/\/pogodba.net\/dedovanje-v-tujini\/#breadcrumb\",\"itemListElement\":[{\"@type\":\"ListItem\",\"position\":1,\"name\":\"Domov\",\"item\":\"https:\/\/pogodba.net\/\"},{\"@type\":\"ListItem\",\"position\":2,\"name\":\"Dedovanje v tujini\"}]},{\"@type\":\"WebSite\",\"@id\":\"https:\/\/pogodba.net\/#website\",\"url\":\"https:\/\/pogodba.net\/\",\"name\":\"Pogodba.net\",\"description\":\"Va\u0161a modra odlo\u010ditev.\",\"publisher\":{\"@id\":\"https:\/\/pogodba.net\/#organization\"},\"potentialAction\":[{\"@type\":\"SearchAction\",\"target\":{\"@type\":\"EntryPoint\",\"urlTemplate\":\"https:\/\/pogodba.net\/?s={search_term_string}\"},\"query-input\":{\"@type\":\"PropertyValueSpecification\",\"valueRequired\":true,\"valueName\":\"search_term_string\"}}],\"inLanguage\":\"en-GB\"},{\"@type\":\"Organization\",\"@id\":\"https:\/\/pogodba.net\/#organization\",\"name\":\"Pogodba.net\",\"url\":\"https:\/\/pogodba.net\/\",\"logo\":{\"@type\":\"ImageObject\",\"inLanguage\":\"en-GB\",\"@id\":\"https:\/\/pogodba.net\/#\/schema\/logo\/image\/\",\"url\":\"https:\/\/pogodba.net\/wp-content\/uploads\/2021\/10\/Pogodba.net-logotip-modro-ozadje.svg\",\"contentUrl\":\"https:\/\/pogodba.net\/wp-content\/uploads\/2021\/10\/Pogodba.net-logotip-modro-ozadje.svg\",\"width\":500,\"height\":500,\"caption\":\"Pogodba.net\"},\"image\":{\"@id\":\"https:\/\/pogodba.net\/#\/schema\/logo\/image\/\"},\"sameAs\":[\"https:\/\/www.facebook.com\/pogodba.net\"]}]}<\/script>\n<!-- \/ Yoast SEO plugin. -->","yoast_head_json":{"title":"Dedovanje v tujini - Pogodba.net","robots":{"index":"index","follow":"follow","max-snippet":"max-snippet:-1","max-image-preview":"max-image-preview:large","max-video-preview":"max-video-preview:-1"},"canonical":"https:\/\/pogodba.net\/en\/dedovanje-v-tujini\/","og_locale":"en_GB","og_type":"article","og_title":"Dedovanje v tujini - Pogodba.net","og_description":"\u010ce ste dedi\u010d premo\u017eenja v tujini ali boste to v kratkem postali, ne oklevajte in se za za\u0161\u010dito pravnih interesov \u010dimprej obrnite na nas. Za pravno svetovanje izpolnite spodnji obrazec.","og_url":"https:\/\/pogodba.net\/en\/dedovanje-v-tujini\/","og_site_name":"Pogodba.net","article_publisher":"https:\/\/www.facebook.com\/pogodba.net","article_modified_time":"2023-05-04T17:57:58+00:00","twitter_card":"summary_large_image","twitter_misc":{"Estimated reading time":"1 minute"},"schema":{"@context":"https:\/\/schema.org","@graph":[{"@type":"WebPage","@id":"https:\/\/pogodba.net\/dedovanje-v-tujini\/","url":"https:\/\/pogodba.net\/dedovanje-v-tujini\/","name":"Dedovanje v tujini - Pogodba.net","isPartOf":{"@id":"https:\/\/pogodba.net\/#website"},"datePublished":"2023-04-18T19:01:52+00:00","dateModified":"2023-05-04T17:57:58+00:00","breadcrumb":{"@id":"https:\/\/pogodba.net\/dedovanje-v-tujini\/#breadcrumb"},"inLanguage":"en-GB","potentialAction":[{"@type":"ReadAction","target":["https:\/\/pogodba.net\/dedovanje-v-tujini\/"]}]},{"@type":"BreadcrumbList","@id":"https:\/\/pogodba.net\/dedovanje-v-tujini\/#breadcrumb","itemListElement":[{"@type":"ListItem","position":1,"name":"Domov","item":"https:\/\/pogodba.net\/"},{"@type":"ListItem","position":2,"name":"Dedovanje v tujini"}]},{"@type":"WebSite","@id":"https:\/\/pogodba.net\/#website","url":"https:\/\/pogodba.net\/","name":"Contract.net","description":"Va\u0161a modra odlo\u010ditev.","publisher":{"@id":"https:\/\/pogodba.net\/#organization"},"potentialAction":[{"@type":"SearchAction","target":{"@type":"EntryPoint","urlTemplate":"https:\/\/pogodba.net\/?s={search_term_string}"},"query-input":{"@type":"PropertyValueSpecification","valueRequired":true,"valueName":"search_term_string"}}],"inLanguage":"en-GB"},{"@type":"Organization","@id":"https:\/\/pogodba.net\/#organization","name":"Contract.net","url":"https:\/\/pogodba.net\/","logo":{"@type":"ImageObject","inLanguage":"en-GB","@id":"https:\/\/pogodba.net\/#\/schema\/logo\/image\/","url":"https:\/\/pogodba.net\/wp-content\/uploads\/2021\/10\/Pogodba.net-logotip-modro-ozadje.svg","contentUrl":"https:\/\/pogodba.net\/wp-content\/uploads\/2021\/10\/Pogodba.net-logotip-modro-ozadje.svg","width":500,"height":500,"caption":"Pogodba.net"},"image":{"@id":"https:\/\/pogodba.net\/#\/schema\/logo\/image\/"},"sameAs":["https:\/\/www.facebook.com\/pogodba.net"]}]}},"_links":{"self":[{"href":"https:\/\/pogodba.net\/en\/wp-json\/wp\/v2\/pages\/5081","targetHints":{"allow":["GET"]}}],"collection":[{"href":"https:\/\/pogodba.net\/en\/wp-json\/wp\/v2\/pages"}],"about":[{"href":"https:\/\/pogodba.net\/en\/wp-json\/wp\/v2\/types\/page"}],"author":[{"embeddable":true,"href":"https:\/\/pogodba.net\/en\/wp-json\/wp\/v2\/users\/1"}],"replies":[{"embeddable":true,"href":"https:\/\/pogodba.net\/en\/wp-json\/wp\/v2\/comments?post=5081"}],"version-history":[{"count":0,"href":"https:\/\/pogodba.net\/en\/wp-json\/wp\/v2\/pages\/5081\/revisions"}],"wp:attachment":[{"href":"https:\/\/pogodba.net\/en\/wp-json\/wp\/v2\/media?parent=5081"}],"curies":[{"name":"wp","href":"https:\/\/api.w.org\/{rel}","templated":true}]}}