{"id":4712,"date":"2023-04-17T19:00:35","date_gmt":"2023-04-17T19:00:35","guid":{"rendered":"https:\/\/dev.pogodba.net\/?page_id=4712"},"modified":"2023-04-19T18:45:56","modified_gmt":"2023-04-19T18:45:56","slug":"digitalna-identiteta","status":"publish","type":"page","link":"https:\/\/pogodba.net\/en\/digitalna-identiteta\/","title":{"rendered":"Digitalna identiteta"},"content":{"rendered":"<div data-elementor-type=\"wp-page\" data-elementor-id=\"4712\" class=\"elementor elementor-4712\" data-elementor-settings=\"{&quot;ha_cmc_init_switcher&quot;:&quot;no&quot;}\" data-elementor-post-type=\"page\">\n\t\t\t\t\t\t<section class=\"elementor-section elementor-top-section elementor-element elementor-element-0bf1bce elementor-section-boxed elementor-section-height-default elementor-section-height-default\" data-id=\"0bf1bce\" data-element_type=\"section\">\n\t\t\t\t\t\t<div class=\"elementor-container elementor-column-gap-default\">\n\t\t\t\t\t<div class=\"elementor-column elementor-col-50 elementor-top-column elementor-element elementor-element-36199f8\" data-id=\"36199f8\" data-element_type=\"column\">\n\t\t\t<div class=\"elementor-widget-wrap elementor-element-populated\">\n\t\t\t\t\t\t<div class=\"elementor-element elementor-element-5259baf elementor-align-left elementor-widget elementor-widget-global elementor-global-5170 elementor-widget-breadcrumbs\" data-id=\"5259baf\" data-element_type=\"widget\" data-widget_type=\"breadcrumbs.default\">\n\t\t\t\t<div class=\"elementor-widget-container\">\n\t\t\t\t\t<p id=\"breadcrumbs\"><span><span><a href=\"https:\/\/pogodba.net\/en\/\">Home<\/a><\/span><\/span><\/p>\t\t\t\t<\/div>\n\t\t\t\t<\/div>\n\t\t\t\t<div class=\"elementor-element elementor-element-684698a elementor-widget elementor-widget-heading\" data-id=\"684698a\" data-element_type=\"widget\" data-widget_type=\"heading.default\">\n\t\t\t\t<div class=\"elementor-widget-container\">\n\t\t\t\t\t<h2 class=\"elementor-heading-title elementor-size-default\">DIGITAL IDENTITY<\/h2>\t\t\t\t<\/div>\n\t\t\t\t<\/div>\n\t\t\t\t<div class=\"elementor-element elementor-element-6045b67 elementor-widget elementor-widget-text-editor\" data-id=\"6045b67\" data-element_type=\"widget\" data-widget_type=\"text-editor.default\">\n\t\t\t\t<div class=\"elementor-widget-container\">\n\t\t\t\t\t\t\t\t\t<p>Nadzor digitalne identitete obsega procese in tehnologije, ki zagotavljajo, da je digitalna identiteta uporabnikov varna, za\u0161\u010ditena in zanesljiva. Glavni cilj nadzora digitalne identitete je za\u0161\u010dititi osebne in finan\u010dne podatke uporabnikov, kot tudi prepre\u010diti zlorabe ali goljufije.<\/p><p>Nadzor digitalne identitete vsebuje tudi oblikovanje va\u0161e digitalne identitete, se katero se lahko posamezniki seznanijo na internetu. Z mno\u017ei\u010dno uporabo socialnih omre\u017eij, kot so Facebook, Instagram, TikTok, Twitter, LinkedIn se lahko pripeti, da v javnost pridejo o vas osebni podatki in audio ali video vsebine, mogo\u010de celo spodrsljaji, za katere niste dali privolitve za objavo oziroma ste si glede objave s\u010dasoma premislili. V takem primeru lahko pride do resnih negativnih vplivov na va\u0161 ugled, katerega ste s trudom gradili ve\u010d let. <\/p>\t\t\t\t\t\t\t\t<\/div>\n\t\t\t\t<\/div>\n\t\t\t\t<div class=\"elementor-element elementor-element-1365f6b elementor-widget elementor-widget-text-editor\" data-id=\"1365f6b\" data-element_type=\"widget\" data-widget_type=\"text-editor.default\">\n\t\t\t\t<div class=\"elementor-widget-container\">\n\t\t\t\t\t\t\t\t\t<p>POGODBA.NET za vas uredi vse zadeve, povezane z va\u0161im digitalnim odtisom in ugledom:<\/p>\t\t\t\t\t\t\t\t<\/div>\n\t\t\t\t<\/div>\n\t\t\t\t<div class=\"elementor-element elementor-element-37aaf4b elementor-align-left elementor-icon-list--layout-traditional elementor-list-item-link-full_width elementor-widget elementor-widget-icon-list\" data-id=\"37aaf4b\" data-element_type=\"widget\" data-widget_type=\"icon-list.default\">\n\t\t\t\t<div class=\"elementor-widget-container\">\n\t\t\t\t\t\t\t<ul class=\"elementor-icon-list-items\">\n\t\t\t\t\t\t\t<li class=\"elementor-icon-list-item\">\n\t\t\t\t\t\t\t\t\t\t\t<a href=\"\/en\/preverba-digitalnega-odtisa\/\">\n\n\t\t\t\t\t\t\t\t\t\t\t\t<span class=\"elementor-icon-list-icon\">\n\t\t\t\t\t\t\t<i aria-hidden=\"true\" class=\"fas fa-circle\"><\/i>\t\t\t\t\t\t<\/span>\n\t\t\t\t\t\t\t\t\t\t<span class=\"elementor-icon-list-text\">PREVERBA DIGITALNEGA ODTISA<\/span>\n\t\t\t\t\t\t\t\t\t\t\t<\/a>\n\t\t\t\t\t\t\t\t\t<\/li>\n\t\t\t\t\t\t\t\t<li class=\"elementor-icon-list-item\">\n\t\t\t\t\t\t\t\t\t\t\t<a href=\"\/en\/brisanje-vasih-digitalnih-sledi\/\">\n\n\t\t\t\t\t\t\t\t\t\t\t\t<span class=\"elementor-icon-list-icon\">\n\t\t\t\t\t\t\t<i aria-hidden=\"true\" class=\"fas fa-circle\"><\/i>\t\t\t\t\t\t<\/span>\n\t\t\t\t\t\t\t\t\t\t<span class=\"elementor-icon-list-text\">DELETING YOUR DIGITAL TRACES<\/span>\n\t\t\t\t\t\t\t\t\t\t\t<\/a>\n\t\t\t\t\t\t\t\t\t<\/li>\n\t\t\t\t\t\t\t\t<li class=\"elementor-icon-list-item\">\n\t\t\t\t\t\t\t\t\t\t\t<a href=\"\/en\/gradnja-digitalnega-ugleda\/\">\n\n\t\t\t\t\t\t\t\t\t\t\t\t<span class=\"elementor-icon-list-icon\">\n\t\t\t\t\t\t\t<i aria-hidden=\"true\" class=\"fas fa-circle\"><\/i>\t\t\t\t\t\t<\/span>\n\t\t\t\t\t\t\t\t\t\t<span class=\"elementor-icon-list-text\">GRADNJA DIGITALNEGA UGLEDA POSAMEZNIKA ALI PODJETJA<\/span>\n\t\t\t\t\t\t\t\t\t\t\t<\/a>\n\t\t\t\t\t\t\t\t\t<\/li>\n\t\t\t\t\t\t<\/ul>\n\t\t\t\t\t\t<\/div>\n\t\t\t\t<\/div>\n\t\t\t\t\t<\/div>\n\t\t<\/div>\n\t\t\t\t<div class=\"elementor-column elementor-col-50 elementor-top-column elementor-element elementor-element-7ce6d4e\" data-id=\"7ce6d4e\" data-element_type=\"column\">\n\t\t\t<div class=\"elementor-widget-wrap elementor-element-populated\">\n\t\t\t\t\t\t<div class=\"elementor-element elementor-element-77a360d elementor-widget elementor-widget-image\" data-id=\"77a360d\" data-element_type=\"widget\" data-widget_type=\"image.default\">\n\t\t\t\t<div class=\"elementor-widget-container\">\n\t\t\t\t\t\t\t\t\t\t\t\t\t\t\t<img fetchpriority=\"high\" decoding=\"async\" width=\"800\" height=\"566\" src=\"https:\/\/pogodba.net\/wp-content\/uploads\/2023\/04\/Digitalna-identiteta-1024x724.jpg\" class=\"attachment-large size-large wp-image-4715\" alt=\"\" srcset=\"https:\/\/pogodba.net\/wp-content\/uploads\/2023\/04\/Digitalna-identiteta-1024x724.jpg 1024w, https:\/\/pogodba.net\/wp-content\/uploads\/2023\/04\/Digitalna-identiteta-300x212.jpg 300w, https:\/\/pogodba.net\/wp-content\/uploads\/2023\/04\/Digitalna-identiteta-768x543.jpg 768w, https:\/\/pogodba.net\/wp-content\/uploads\/2023\/04\/Digitalna-identiteta-18x12.jpg 18w, https:\/\/pogodba.net\/wp-content\/uploads\/2023\/04\/Digitalna-identiteta.jpg 1250w\" sizes=\"(max-width: 800px) 100vw, 800px\" \/>\t\t\t\t\t\t\t\t\t\t\t\t\t\t\t<\/div>\n\t\t\t\t<\/div>\n\t\t\t\t\t<\/div>\n\t\t<\/div>\n\t\t\t\t\t<\/div>\n\t\t<\/section>\n\t\t\t\t<\/div>","protected":false},"excerpt":{"rendered":"<p>DIGITALNA IDENTITETA Nadzor digitalne identitete obsega procese in tehnologije, ki zagotavljajo, da je digitalna identiteta uporabnikov varna, za\u0161\u010ditena in zanesljiva. Glavni cilj nadzora digitalne identitete je za\u0161\u010dititi osebne in finan\u010dne podatke uporabnikov, kot tudi prepre\u010diti zlorabe ali goljufije. Nadzor digitalne identitete vsebuje tudi oblikovanje va\u0161e digitalne identitete, se katero se lahko posamezniki seznanijo na internetu. [&hellip;]<\/p>","protected":false},"author":1,"featured_media":0,"parent":0,"menu_order":0,"comment_status":"closed","ping_status":"closed","template":"","meta":{"footnotes":""},"class_list":["post-4712","page","type-page","status-publish","hentry"],"yoast_head":"<!-- This site is optimized with the Yoast SEO plugin v25.5 - https:\/\/yoast.com\/wordpress\/plugins\/seo\/ -->\n<title>Digitalna identiteta - Pogodba.net<\/title>\n<meta name=\"robots\" content=\"index, follow, max-snippet:-1, max-image-preview:large, max-video-preview:-1\" \/>\n<link rel=\"canonical\" href=\"https:\/\/pogodba.net\/en\/digitalna-identiteta\/\" \/>\n<meta property=\"og:locale\" content=\"en_GB\" \/>\n<meta property=\"og:type\" content=\"article\" \/>\n<meta property=\"og:title\" content=\"Digitalna identiteta - Pogodba.net\" \/>\n<meta property=\"og:description\" content=\"DIGITALNA IDENTITETA Nadzor digitalne identitete obsega procese in tehnologije, ki zagotavljajo, da je digitalna identiteta uporabnikov varna, za\u0161\u010ditena in zanesljiva. Glavni cilj nadzora digitalne identitete je za\u0161\u010dititi osebne in finan\u010dne podatke uporabnikov, kot tudi prepre\u010diti zlorabe ali goljufije. Nadzor digitalne identitete vsebuje tudi oblikovanje va\u0161e digitalne identitete, se katero se lahko posamezniki seznanijo na internetu. [&hellip;]\" \/>\n<meta property=\"og:url\" content=\"https:\/\/pogodba.net\/en\/digitalna-identiteta\/\" \/>\n<meta property=\"og:site_name\" content=\"Pogodba.net\" \/>\n<meta property=\"article:publisher\" content=\"https:\/\/www.facebook.com\/pogodba.net\" \/>\n<meta property=\"article:modified_time\" content=\"2023-04-19T18:45:56+00:00\" \/>\n<meta property=\"og:image\" content=\"https:\/\/dev.pogodba.net\/wp-content\/uploads\/2023\/04\/Digitalna-identiteta-1024x724.jpg\" \/>\n<meta name=\"twitter:card\" content=\"summary_large_image\" \/>\n<meta name=\"twitter:label1\" content=\"Estimated reading time\" \/>\n\t<meta name=\"twitter:data1\" content=\"2 minutes\" \/>\n<script type=\"application\/ld+json\" class=\"yoast-schema-graph\">{\"@context\":\"https:\/\/schema.org\",\"@graph\":[{\"@type\":\"WebPage\",\"@id\":\"https:\/\/pogodba.net\/digitalna-identiteta\/\",\"url\":\"https:\/\/pogodba.net\/digitalna-identiteta\/\",\"name\":\"Digitalna identiteta - Pogodba.net\",\"isPartOf\":{\"@id\":\"https:\/\/pogodba.net\/#website\"},\"primaryImageOfPage\":{\"@id\":\"https:\/\/pogodba.net\/digitalna-identiteta\/#primaryimage\"},\"image\":{\"@id\":\"https:\/\/pogodba.net\/digitalna-identiteta\/#primaryimage\"},\"thumbnailUrl\":\"https:\/\/dev.pogodba.net\/wp-content\/uploads\/2023\/04\/Digitalna-identiteta-1024x724.jpg\",\"datePublished\":\"2023-04-17T19:00:35+00:00\",\"dateModified\":\"2023-04-19T18:45:56+00:00\",\"breadcrumb\":{\"@id\":\"https:\/\/pogodba.net\/digitalna-identiteta\/#breadcrumb\"},\"inLanguage\":\"en-GB\",\"potentialAction\":[{\"@type\":\"ReadAction\",\"target\":[\"https:\/\/pogodba.net\/digitalna-identiteta\/\"]}]},{\"@type\":\"ImageObject\",\"inLanguage\":\"en-GB\",\"@id\":\"https:\/\/pogodba.net\/digitalna-identiteta\/#primaryimage\",\"url\":\"https:\/\/dev.pogodba.net\/wp-content\/uploads\/2023\/04\/Digitalna-identiteta-1024x724.jpg\",\"contentUrl\":\"https:\/\/dev.pogodba.net\/wp-content\/uploads\/2023\/04\/Digitalna-identiteta-1024x724.jpg\"},{\"@type\":\"BreadcrumbList\",\"@id\":\"https:\/\/pogodba.net\/digitalna-identiteta\/#breadcrumb\",\"itemListElement\":[{\"@type\":\"ListItem\",\"position\":1,\"name\":\"Domov\",\"item\":\"https:\/\/pogodba.net\/\"},{\"@type\":\"ListItem\",\"position\":2,\"name\":\"Digitalna identiteta\"}]},{\"@type\":\"WebSite\",\"@id\":\"https:\/\/pogodba.net\/#website\",\"url\":\"https:\/\/pogodba.net\/\",\"name\":\"Pogodba.net\",\"description\":\"Va\u0161a modra odlo\u010ditev.\",\"publisher\":{\"@id\":\"https:\/\/pogodba.net\/#organization\"},\"potentialAction\":[{\"@type\":\"SearchAction\",\"target\":{\"@type\":\"EntryPoint\",\"urlTemplate\":\"https:\/\/pogodba.net\/?s={search_term_string}\"},\"query-input\":{\"@type\":\"PropertyValueSpecification\",\"valueRequired\":true,\"valueName\":\"search_term_string\"}}],\"inLanguage\":\"en-GB\"},{\"@type\":\"Organization\",\"@id\":\"https:\/\/pogodba.net\/#organization\",\"name\":\"Pogodba.net\",\"url\":\"https:\/\/pogodba.net\/\",\"logo\":{\"@type\":\"ImageObject\",\"inLanguage\":\"en-GB\",\"@id\":\"https:\/\/pogodba.net\/#\/schema\/logo\/image\/\",\"url\":\"https:\/\/pogodba.net\/wp-content\/uploads\/2021\/10\/Pogodba.net-logotip-modro-ozadje.svg\",\"contentUrl\":\"https:\/\/pogodba.net\/wp-content\/uploads\/2021\/10\/Pogodba.net-logotip-modro-ozadje.svg\",\"width\":500,\"height\":500,\"caption\":\"Pogodba.net\"},\"image\":{\"@id\":\"https:\/\/pogodba.net\/#\/schema\/logo\/image\/\"},\"sameAs\":[\"https:\/\/www.facebook.com\/pogodba.net\"]}]}<\/script>\n<!-- \/ Yoast SEO plugin. -->","yoast_head_json":{"title":"Digitalna identiteta - Pogodba.net","robots":{"index":"index","follow":"follow","max-snippet":"max-snippet:-1","max-image-preview":"max-image-preview:large","max-video-preview":"max-video-preview:-1"},"canonical":"https:\/\/pogodba.net\/en\/digitalna-identiteta\/","og_locale":"en_GB","og_type":"article","og_title":"Digitalna identiteta - Pogodba.net","og_description":"DIGITALNA IDENTITETA Nadzor digitalne identitete obsega procese in tehnologije, ki zagotavljajo, da je digitalna identiteta uporabnikov varna, za\u0161\u010ditena in zanesljiva. Glavni cilj nadzora digitalne identitete je za\u0161\u010dititi osebne in finan\u010dne podatke uporabnikov, kot tudi prepre\u010diti zlorabe ali goljufije. Nadzor digitalne identitete vsebuje tudi oblikovanje va\u0161e digitalne identitete, se katero se lahko posamezniki seznanijo na internetu. [&hellip;]","og_url":"https:\/\/pogodba.net\/en\/digitalna-identiteta\/","og_site_name":"Pogodba.net","article_publisher":"https:\/\/www.facebook.com\/pogodba.net","article_modified_time":"2023-04-19T18:45:56+00:00","og_image":[{"url":"https:\/\/dev.pogodba.net\/wp-content\/uploads\/2023\/04\/Digitalna-identiteta-1024x724.jpg","type":"","width":"","height":""}],"twitter_card":"summary_large_image","twitter_misc":{"Estimated reading time":"2 minutes"},"schema":{"@context":"https:\/\/schema.org","@graph":[{"@type":"WebPage","@id":"https:\/\/pogodba.net\/digitalna-identiteta\/","url":"https:\/\/pogodba.net\/digitalna-identiteta\/","name":"Digitalna identiteta - Pogodba.net","isPartOf":{"@id":"https:\/\/pogodba.net\/#website"},"primaryImageOfPage":{"@id":"https:\/\/pogodba.net\/digitalna-identiteta\/#primaryimage"},"image":{"@id":"https:\/\/pogodba.net\/digitalna-identiteta\/#primaryimage"},"thumbnailUrl":"https:\/\/dev.pogodba.net\/wp-content\/uploads\/2023\/04\/Digitalna-identiteta-1024x724.jpg","datePublished":"2023-04-17T19:00:35+00:00","dateModified":"2023-04-19T18:45:56+00:00","breadcrumb":{"@id":"https:\/\/pogodba.net\/digitalna-identiteta\/#breadcrumb"},"inLanguage":"en-GB","potentialAction":[{"@type":"ReadAction","target":["https:\/\/pogodba.net\/digitalna-identiteta\/"]}]},{"@type":"ImageObject","inLanguage":"en-GB","@id":"https:\/\/pogodba.net\/digitalna-identiteta\/#primaryimage","url":"https:\/\/dev.pogodba.net\/wp-content\/uploads\/2023\/04\/Digitalna-identiteta-1024x724.jpg","contentUrl":"https:\/\/dev.pogodba.net\/wp-content\/uploads\/2023\/04\/Digitalna-identiteta-1024x724.jpg"},{"@type":"BreadcrumbList","@id":"https:\/\/pogodba.net\/digitalna-identiteta\/#breadcrumb","itemListElement":[{"@type":"ListItem","position":1,"name":"Domov","item":"https:\/\/pogodba.net\/"},{"@type":"ListItem","position":2,"name":"Digitalna identiteta"}]},{"@type":"WebSite","@id":"https:\/\/pogodba.net\/#website","url":"https:\/\/pogodba.net\/","name":"Contract.net","description":"Va\u0161a modra odlo\u010ditev.","publisher":{"@id":"https:\/\/pogodba.net\/#organization"},"potentialAction":[{"@type":"SearchAction","target":{"@type":"EntryPoint","urlTemplate":"https:\/\/pogodba.net\/?s={search_term_string}"},"query-input":{"@type":"PropertyValueSpecification","valueRequired":true,"valueName":"search_term_string"}}],"inLanguage":"en-GB"},{"@type":"Organization","@id":"https:\/\/pogodba.net\/#organization","name":"Contract.net","url":"https:\/\/pogodba.net\/","logo":{"@type":"ImageObject","inLanguage":"en-GB","@id":"https:\/\/pogodba.net\/#\/schema\/logo\/image\/","url":"https:\/\/pogodba.net\/wp-content\/uploads\/2021\/10\/Pogodba.net-logotip-modro-ozadje.svg","contentUrl":"https:\/\/pogodba.net\/wp-content\/uploads\/2021\/10\/Pogodba.net-logotip-modro-ozadje.svg","width":500,"height":500,"caption":"Pogodba.net"},"image":{"@id":"https:\/\/pogodba.net\/#\/schema\/logo\/image\/"},"sameAs":["https:\/\/www.facebook.com\/pogodba.net"]}]}},"_links":{"self":[{"href":"https:\/\/pogodba.net\/en\/wp-json\/wp\/v2\/pages\/4712","targetHints":{"allow":["GET"]}}],"collection":[{"href":"https:\/\/pogodba.net\/en\/wp-json\/wp\/v2\/pages"}],"about":[{"href":"https:\/\/pogodba.net\/en\/wp-json\/wp\/v2\/types\/page"}],"author":[{"embeddable":true,"href":"https:\/\/pogodba.net\/en\/wp-json\/wp\/v2\/users\/1"}],"replies":[{"embeddable":true,"href":"https:\/\/pogodba.net\/en\/wp-json\/wp\/v2\/comments?post=4712"}],"version-history":[{"count":0,"href":"https:\/\/pogodba.net\/en\/wp-json\/wp\/v2\/pages\/4712\/revisions"}],"wp:attachment":[{"href":"https:\/\/pogodba.net\/en\/wp-json\/wp\/v2\/media?parent=4712"}],"curies":[{"name":"wp","href":"https:\/\/api.w.org\/{rel}","templated":true}]}}