{"id":3453,"date":"2023-02-06T21:06:41","date_gmt":"2023-02-06T21:06:41","guid":{"rendered":"https:\/\/dev.pogodba.net\/?page_id=3453"},"modified":"2023-02-06T21:10:14","modified_gmt":"2023-02-06T21:10:14","slug":"avtomobilske-goljufije","status":"publish","type":"page","link":"https:\/\/pogodba.net\/en\/avtomobilske-goljufije\/","title":{"rendered":"Avtomobilske goljufije"},"content":{"rendered":"<div data-elementor-type=\"wp-page\" data-elementor-id=\"3453\" class=\"elementor elementor-3453\" data-elementor-settings=\"{&quot;ha_cmc_init_switcher&quot;:&quot;no&quot;}\" data-elementor-post-type=\"page\">\n\t\t\t\t\t\t<section class=\"elementor-section elementor-top-section elementor-element elementor-element-350785d elementor-section-boxed elementor-section-height-default elementor-section-height-default\" data-id=\"350785d\" data-element_type=\"section\">\n\t\t\t\t\t\t<div class=\"elementor-container elementor-column-gap-default\">\n\t\t\t\t\t<div class=\"elementor-column elementor-col-50 elementor-top-column elementor-element elementor-element-c944572\" data-id=\"c944572\" data-element_type=\"column\">\n\t\t\t<div class=\"elementor-widget-wrap elementor-element-populated\">\n\t\t\t\t\t\t<div class=\"elementor-element elementor-element-7bbc950 elementor-widget elementor-widget-heading\" data-id=\"7bbc950\" data-element_type=\"widget\" data-widget_type=\"heading.default\">\n\t\t\t\t<div class=\"elementor-widget-container\">\n\t\t\t\t\t<h2 class=\"elementor-heading-title elementor-size-default\">AUTOMOBILE FRAUDS<\/h2>\t\t\t\t<\/div>\n\t\t\t\t<\/div>\n\t\t\t\t<div class=\"elementor-element elementor-element-f4fe6c8 elementor-widget elementor-widget-text-editor\" data-id=\"f4fe6c8\" data-element_type=\"widget\" data-widget_type=\"text-editor.default\">\n\t\t\t\t<div class=\"elementor-widget-container\">\n\t\t\t\t\t\t\t\t\t<p>After buying a used vehicle, it all too often happens that buyers discover one or even more of the following defects:<\/p><ul><li>back flipped miles<\/li><li>silent mistakes<\/li><li>hidden errors<\/li><li>hidden damage (fake uncarombed)<\/li><li>unprofessional processing<\/li><li>false vehicle information<\/li><li>suspicious origin<\/li><li>fake service data<\/li><\/ul><p><br \/>Your situation can be resolved or at least significantly improved if you follow the following steps:<\/p><ol><li>Save the screen image (&quot;printscreen&quot;) of the vehicle ad with images and, above all, information, if you have found it online.<\/li><li>Keep a copy of any additional warranties from the seller.<\/li><li>Save the seller&#039;s contact information.<\/li><li>Immediately record the errors in detail (in writing) and photograph or record them.<\/li><\/ol><p>\u00a0<\/p><p>Fill out the form below for a free consultation or service.<\/p>\t\t\t\t\t\t\t\t<\/div>\n\t\t\t\t<\/div>\n\t\t\t\t\t<\/div>\n\t\t<\/div>\n\t\t\t\t<div class=\"elementor-column elementor-col-50 elementor-top-column elementor-element elementor-element-a9aafa4\" data-id=\"a9aafa4\" data-element_type=\"column\">\n\t\t\t<div class=\"elementor-widget-wrap elementor-element-populated\">\n\t\t\t\t\t\t<div class=\"elementor-element elementor-element-297d44e elementor-widget elementor-widget-image\" data-id=\"297d44e\" data-element_type=\"widget\" data-widget_type=\"image.default\">\n\t\t\t\t<div class=\"elementor-widget-container\">\n\t\t\t\t\t\t\t\t\t\t\t\t\t\t\t<img fetchpriority=\"high\" decoding=\"async\" width=\"800\" height=\"536\" src=\"https:\/\/pogodba.net\/wp-content\/uploads\/2023\/01\/3-AVTOMOBILSKE-GOLJUFIJE.jpg\" class=\"attachment-large size-large wp-image-3218\" alt=\"\" srcset=\"https:\/\/pogodba.net\/wp-content\/uploads\/2023\/01\/3-AVTOMOBILSKE-GOLJUFIJE.jpg 1000w, https:\/\/pogodba.net\/wp-content\/uploads\/2023\/01\/3-AVTOMOBILSKE-GOLJUFIJE-300x201.jpg 300w, https:\/\/pogodba.net\/wp-content\/uploads\/2023\/01\/3-AVTOMOBILSKE-GOLJUFIJE-768x515.jpg 768w, https:\/\/pogodba.net\/wp-content\/uploads\/2023\/01\/3-AVTOMOBILSKE-GOLJUFIJE-18x12.jpg 18w\" sizes=\"(max-width: 800px) 100vw, 800px\" \/>\t\t\t\t\t\t\t\t\t\t\t\t\t\t\t<\/div>\n\t\t\t\t<\/div>\n\t\t\t\t\t<\/div>\n\t\t<\/div>\n\t\t\t\t\t<\/div>\n\t\t<\/section>\n\t\t\t\t<section class=\"elementor-section elementor-top-section elementor-element elementor-element-ba6de38 elementor-section-boxed elementor-section-height-default elementor-section-height-default\" data-id=\"ba6de38\" data-element_type=\"section\">\n\t\t\t\t\t\t<div class=\"elementor-container elementor-column-gap-default\">\n\t\t\t\t\t<div class=\"elementor-column elementor-col-100 elementor-top-column elementor-element elementor-element-5b9da56\" data-id=\"5b9da56\" data-element_type=\"column\">\n\t\t\t<div class=\"elementor-widget-wrap elementor-element-populated\">\n\t\t\t\t\t\t<div class=\"elementor-element elementor-element-cc8e285 elementor-button-align-stretch elementor-widget elementor-widget-form\" data-id=\"cc8e285\" data-element_type=\"widget\" data-settings=\"{&quot;step_next_label&quot;:&quot;Next&quot;,&quot;step_previous_label&quot;:&quot;Previous&quot;,&quot;button_width&quot;:&quot;100&quot;,&quot;step_type&quot;:&quot;number_text&quot;,&quot;step_icon_shape&quot;:&quot;circle&quot;}\" data-widget_type=\"form.default\">\n\t\t\t\t<div class=\"elementor-widget-container\">\n\t\t\t\t\t\t\t<form class=\"elementor-form\" method=\"post\" name=\"Pravna pomo\u010d za tujce\" aria-label=\"Pravna pomo\u010d za tujce\" action=\"\">\n\t\t\t<input type=\"hidden\" name=\"post_id\" value=\"3453\"\/>\n\t\t\t<input type=\"hidden\" name=\"form_id\" value=\"cc8e285\"\/>\n\t\t\t<input type=\"hidden\" name=\"referer_title\" value=\"Pogodba.net\" \/>\n\n\t\t\t\n\t\t\t<div class=\"elementor-form-fields-wrapper elementor-labels-above\">\n\t\t\t\t\t\t\t\t<div class=\"elementor-field-type-text elementor-field-group elementor-column elementor-field-group-name elementor-col-100 elementor-field-required\">\n\t\t\t\t\t\t\t\t\t\t\t\t\t<input size=\"1\" type=\"text\" name=\"form_fields[name]\" id=\"form-field-name\" class=\"elementor-field elementor-size-sm  elementor-field-textual\" placeholder=\"Name\" required=\"required\">\n\t\t\t\t\t\t\t\t\t\t\t<\/div>\n\t\t\t\t\t\t\t\t<div class=\"elementor-field-type-email elementor-field-group elementor-column elementor-field-group-email elementor-col-100 elementor-field-required\">\n\t\t\t\t\t\t\t\t\t\t\t\t\t<input size=\"1\" type=\"email\" name=\"form_fields[email]\" id=\"form-field-email\" class=\"elementor-field elementor-size-sm  elementor-field-textual\" placeholder=\"E-mail\" required=\"required\">\n\t\t\t\t\t\t\t\t\t\t\t<\/div>\n\t\t\t\t\t\t\t\t<div class=\"elementor-field-type-checkbox elementor-field-group elementor-column elementor-field-group-zanimame elementor-col-100\">\n\t\t\t\t\t\t\t\t\t\t\t\t<label for=\"form-field-zanimame\" class=\"elementor-field-label\">\n\t\t\t\t\t\t\t\tI am interested in:\t\t\t\t\t\t\t<\/label>\n\t\t\t\t\t\t<div class=\"elementor-field-subgroup\"><span class=\"elementor-field-option\"><input type=\"checkbox\" value=\"Nazaj prevrteni kilometri\" id=\"form-field-zanimame-0\" name=\"form_fields[zanimame][]\"> <label for=\"form-field-zanimame-0\">Rolled back miles<\/label><\/span><span class=\"elementor-field-option\"><input type=\"checkbox\" value=\"Zamol\u010dane napake\" id=\"form-field-zanimame-1\" name=\"form_fields[zanimame][]\"> <label for=\"form-field-zanimame-1\">Silent errors<\/label><\/span><span class=\"elementor-field-option\"><input type=\"checkbox\" value=\"Skrite napake\" id=\"form-field-zanimame-2\" name=\"form_fields[zanimame][]\"> <label for=\"form-field-zanimame-2\">Hidden errors<\/label><\/span><span class=\"elementor-field-option\"><input type=\"checkbox\" value=\"Prikrite po\u0161kodbe (la\u017eno nekarambolirano)\" id=\"form-field-zanimame-3\" name=\"form_fields[zanimame][]\"> <label for=\"form-field-zanimame-3\">Concealed damage (fake uncarombed)<\/label><\/span><span class=\"elementor-field-option\"><input type=\"checkbox\" value=\"Nestrokovne predelave\" id=\"form-field-zanimame-4\" name=\"form_fields[zanimame][]\"> <label for=\"form-field-zanimame-4\">Unprofessional processing<\/label><\/span><span class=\"elementor-field-option\"><input type=\"checkbox\" value=\"La\u017eni podatki o vozilu\" id=\"form-field-zanimame-5\" name=\"form_fields[zanimame][]\"> <label for=\"form-field-zanimame-5\">False vehicle information<\/label><\/span><span class=\"elementor-field-option\"><input type=\"checkbox\" value=\"Sumljivo poreklo\" id=\"form-field-zanimame-6\" name=\"form_fields[zanimame][]\"> <label for=\"form-field-zanimame-6\">Suspicious origin<\/label><\/span><span class=\"elementor-field-option\"><input type=\"checkbox\" value=\"Ponarejeni servisni podatki\" id=\"form-field-zanimame-7\" name=\"form_fields[zanimame][]\"> <label for=\"form-field-zanimame-7\">Fake service information<\/label><\/span><span class=\"elementor-field-option\"><input type=\"checkbox\" value=\"Ostalo\" id=\"form-field-zanimame-8\" name=\"form_fields[zanimame][]\"> <label for=\"form-field-zanimame-8\">The rest<\/label><\/span><\/div>\t\t\t\t<\/div>\n\t\t\t\t\t\t\t\t<div class=\"elementor-field-type-textarea elementor-field-group elementor-column elementor-field-group-field_b8fcfca elementor-col-100\">\n\t\t\t\t\t\t\t\t\t\t\t\t<label for=\"form-field-field_b8fcfca\" class=\"elementor-field-label\">\n\t\t\t\t\t\t\t\tCase description\t\t\t\t\t\t\t<\/label>\n\t\t\t\t\t\t<textarea class=\"elementor-field-textual elementor-field  elementor-size-sm\" name=\"form_fields[field_b8fcfca]\" id=\"form-field-field_b8fcfca\" rows=\"4\" placeholder=\"Describe your case\"><\/textarea>\t\t\t\t<\/div>\n\t\t\t\t\t\t\t\t<div class=\"elementor-field-type-acceptance elementor-field-group elementor-column elementor-field-group-field_b603f77 elementor-col-100\">\n\t\t\t\t\t\t\t<div class=\"elementor-field-subgroup\">\n\t\t\t<span class=\"elementor-field-option\">\n\t\t\t\t<input type=\"checkbox\" name=\"form_fields[field_b603f77]\" id=\"form-field-field_b603f77\" class=\"elementor-field elementor-size-sm  elementor-acceptance-field\">\n\t\t\t\t<label for=\"form-field-field_b603f77\">I agree to the processing of personal data in accordance with s <a href=\"https:\/\/eur-lex.europa.eu\/legal-content\/SL\/TXT\/?uri=CELEX%3A32016R0679\">General Data Protection Regulation (GDPR)<\/a> and <a href=\"http:\/\/www.pisrs.si\/Pis.web\/pregledPredpisa?id=ZAKO7959\">The Personal Data Protection Act (ZVOP-2)<\/a> and <a href=\"\/en\/politika-zasebnosti-in-piskotki\/\">Privacy Policy<\/a>.<\/label>\t\t\t<\/span>\n\t\t<\/div>\n\t\t\t\t\t\t<\/div>\n\t\t\t\t\t\t\t\t<div class=\"elementor-field-group elementor-column elementor-field-type-submit elementor-col-100 e-form__buttons\">\n\t\t\t\t\t<button class=\"elementor-button elementor-size-sm\" type=\"submit\">\n\t\t\t\t\t\t<span class=\"elementor-button-content-wrapper\">\n\t\t\t\t\t\t\t\t\t\t\t\t\t\t\t\t\t\t\t\t\t\t<span class=\"elementor-button-text\">SEND<\/span>\n\t\t\t\t\t\t\t\t\t\t\t\t\t<\/span>\n\t\t\t\t\t<\/button>\n\t\t\t\t<\/div>\n\t\t\t<\/div>\n\t\t<input type=\"hidden\" name=\"trp-form-language\" value=\"en\"\/><\/form>\n\t\t\t\t\t\t<\/div>\n\t\t\t\t<\/div>\n\t\t\t\t\t<\/div>\n\t\t<\/div>\n\t\t\t\t\t<\/div>\n\t\t<\/section>\n\t\t\t\t<\/div>","protected":false},"excerpt":{"rendered":"<p>AVTOMOBILSKE GOLJUFIJE Po nakupu rabljenega vozila se prepogosto zgodi, da kupci odkrijejo eno ali celo ve\u010d od spodnjih napak: nazaj prevrteni kilometri zamol\u010dane napake skrite napake prikrite po\u0161kodbe (la\u017eno nekarambolirano) nestrokovne predelave la\u017eni podatki o vozilu sumljivo poreklo ponarejeni servisni podatki Va\u0161 polo\u017eaj se da re\u0161iti ali vsaj znatno izbolj\u0161ati, \u010de sledite naslednjim korakom: Shranite [&hellip;]<\/p>","protected":false},"author":1,"featured_media":0,"parent":0,"menu_order":0,"comment_status":"closed","ping_status":"closed","template":"","meta":{"footnotes":""},"class_list":["post-3453","page","type-page","status-publish","hentry"],"yoast_head":"<!-- This site is optimized with the Yoast SEO plugin v25.5 - https:\/\/yoast.com\/wordpress\/plugins\/seo\/ -->\n<title>Avtomobilske goljufije - Pogodba.net<\/title>\n<meta name=\"robots\" content=\"index, follow, max-snippet:-1, max-image-preview:large, max-video-preview:-1\" \/>\n<link rel=\"canonical\" href=\"https:\/\/pogodba.net\/en\/avtomobilske-goljufije\/\" \/>\n<meta property=\"og:locale\" content=\"en_GB\" \/>\n<meta property=\"og:type\" content=\"article\" \/>\n<meta property=\"og:title\" content=\"Avtomobilske goljufije - Pogodba.net\" \/>\n<meta property=\"og:description\" content=\"AVTOMOBILSKE GOLJUFIJE Po nakupu rabljenega vozila se prepogosto zgodi, da kupci odkrijejo eno ali celo ve\u010d od spodnjih napak: nazaj prevrteni kilometri zamol\u010dane napake skrite napake prikrite po\u0161kodbe (la\u017eno nekarambolirano) nestrokovne predelave la\u017eni podatki o vozilu sumljivo poreklo ponarejeni servisni podatki Va\u0161 polo\u017eaj se da re\u0161iti ali vsaj znatno izbolj\u0161ati, \u010de sledite naslednjim korakom: Shranite [&hellip;]\" \/>\n<meta property=\"og:url\" content=\"https:\/\/pogodba.net\/en\/avtomobilske-goljufije\/\" \/>\n<meta property=\"og:site_name\" content=\"Pogodba.net\" \/>\n<meta property=\"article:publisher\" content=\"https:\/\/www.facebook.com\/pogodba.net\" \/>\n<meta property=\"article:modified_time\" content=\"2023-02-06T21:10:14+00:00\" \/>\n<meta property=\"og:image\" content=\"https:\/\/dev.pogodba.net\/wp-content\/uploads\/2023\/01\/3-AVTOMOBILSKE-GOLJUFIJE.jpg\" \/>\n<meta name=\"twitter:card\" content=\"summary_large_image\" \/>\n<meta name=\"twitter:label1\" content=\"Estimated reading time\" \/>\n\t<meta name=\"twitter:data1\" content=\"2 minutes\" \/>\n<script type=\"application\/ld+json\" class=\"yoast-schema-graph\">{\"@context\":\"https:\/\/schema.org\",\"@graph\":[{\"@type\":\"WebPage\",\"@id\":\"https:\/\/pogodba.net\/avtomobilske-goljufije\/\",\"url\":\"https:\/\/pogodba.net\/avtomobilske-goljufije\/\",\"name\":\"Avtomobilske goljufije - Pogodba.net\",\"isPartOf\":{\"@id\":\"https:\/\/pogodba.net\/#website\"},\"primaryImageOfPage\":{\"@id\":\"https:\/\/pogodba.net\/avtomobilske-goljufije\/#primaryimage\"},\"image\":{\"@id\":\"https:\/\/pogodba.net\/avtomobilske-goljufije\/#primaryimage\"},\"thumbnailUrl\":\"https:\/\/dev.pogodba.net\/wp-content\/uploads\/2023\/01\/3-AVTOMOBILSKE-GOLJUFIJE.jpg\",\"datePublished\":\"2023-02-06T21:06:41+00:00\",\"dateModified\":\"2023-02-06T21:10:14+00:00\",\"breadcrumb\":{\"@id\":\"https:\/\/pogodba.net\/avtomobilske-goljufije\/#breadcrumb\"},\"inLanguage\":\"en-GB\",\"potentialAction\":[{\"@type\":\"ReadAction\",\"target\":[\"https:\/\/pogodba.net\/avtomobilske-goljufije\/\"]}]},{\"@type\":\"ImageObject\",\"inLanguage\":\"en-GB\",\"@id\":\"https:\/\/pogodba.net\/avtomobilske-goljufije\/#primaryimage\",\"url\":\"https:\/\/dev.pogodba.net\/wp-content\/uploads\/2023\/01\/3-AVTOMOBILSKE-GOLJUFIJE.jpg\",\"contentUrl\":\"https:\/\/dev.pogodba.net\/wp-content\/uploads\/2023\/01\/3-AVTOMOBILSKE-GOLJUFIJE.jpg\"},{\"@type\":\"BreadcrumbList\",\"@id\":\"https:\/\/pogodba.net\/avtomobilske-goljufije\/#breadcrumb\",\"itemListElement\":[{\"@type\":\"ListItem\",\"position\":1,\"name\":\"Domov\",\"item\":\"https:\/\/pogodba.net\/\"},{\"@type\":\"ListItem\",\"position\":2,\"name\":\"Avtomobilske goljufije\"}]},{\"@type\":\"WebSite\",\"@id\":\"https:\/\/pogodba.net\/#website\",\"url\":\"https:\/\/pogodba.net\/\",\"name\":\"Pogodba.net\",\"description\":\"Va\u0161a modra odlo\u010ditev.\",\"publisher\":{\"@id\":\"https:\/\/pogodba.net\/#organization\"},\"potentialAction\":[{\"@type\":\"SearchAction\",\"target\":{\"@type\":\"EntryPoint\",\"urlTemplate\":\"https:\/\/pogodba.net\/?s={search_term_string}\"},\"query-input\":{\"@type\":\"PropertyValueSpecification\",\"valueRequired\":true,\"valueName\":\"search_term_string\"}}],\"inLanguage\":\"en-GB\"},{\"@type\":\"Organization\",\"@id\":\"https:\/\/pogodba.net\/#organization\",\"name\":\"Pogodba.net\",\"url\":\"https:\/\/pogodba.net\/\",\"logo\":{\"@type\":\"ImageObject\",\"inLanguage\":\"en-GB\",\"@id\":\"https:\/\/pogodba.net\/#\/schema\/logo\/image\/\",\"url\":\"https:\/\/pogodba.net\/wp-content\/uploads\/2021\/10\/Pogodba.net-logotip-modro-ozadje.svg\",\"contentUrl\":\"https:\/\/pogodba.net\/wp-content\/uploads\/2021\/10\/Pogodba.net-logotip-modro-ozadje.svg\",\"width\":500,\"height\":500,\"caption\":\"Pogodba.net\"},\"image\":{\"@id\":\"https:\/\/pogodba.net\/#\/schema\/logo\/image\/\"},\"sameAs\":[\"https:\/\/www.facebook.com\/pogodba.net\"]}]}<\/script>\n<!-- \/ Yoast SEO plugin. -->","yoast_head_json":{"title":"Avtomobilske goljufije - Pogodba.net","robots":{"index":"index","follow":"follow","max-snippet":"max-snippet:-1","max-image-preview":"max-image-preview:large","max-video-preview":"max-video-preview:-1"},"canonical":"https:\/\/pogodba.net\/en\/avtomobilske-goljufije\/","og_locale":"en_GB","og_type":"article","og_title":"Avtomobilske goljufije - Pogodba.net","og_description":"AVTOMOBILSKE GOLJUFIJE Po nakupu rabljenega vozila se prepogosto zgodi, da kupci odkrijejo eno ali celo ve\u010d od spodnjih napak: nazaj prevrteni kilometri zamol\u010dane napake skrite napake prikrite po\u0161kodbe (la\u017eno nekarambolirano) nestrokovne predelave la\u017eni podatki o vozilu sumljivo poreklo ponarejeni servisni podatki Va\u0161 polo\u017eaj se da re\u0161iti ali vsaj znatno izbolj\u0161ati, \u010de sledite naslednjim korakom: Shranite [&hellip;]","og_url":"https:\/\/pogodba.net\/en\/avtomobilske-goljufije\/","og_site_name":"Pogodba.net","article_publisher":"https:\/\/www.facebook.com\/pogodba.net","article_modified_time":"2023-02-06T21:10:14+00:00","og_image":[{"url":"https:\/\/dev.pogodba.net\/wp-content\/uploads\/2023\/01\/3-AVTOMOBILSKE-GOLJUFIJE.jpg","type":"","width":"","height":""}],"twitter_card":"summary_large_image","twitter_misc":{"Estimated reading time":"2 minutes"},"schema":{"@context":"https:\/\/schema.org","@graph":[{"@type":"WebPage","@id":"https:\/\/pogodba.net\/avtomobilske-goljufije\/","url":"https:\/\/pogodba.net\/avtomobilske-goljufije\/","name":"Avtomobilske goljufije - Pogodba.net","isPartOf":{"@id":"https:\/\/pogodba.net\/#website"},"primaryImageOfPage":{"@id":"https:\/\/pogodba.net\/avtomobilske-goljufije\/#primaryimage"},"image":{"@id":"https:\/\/pogodba.net\/avtomobilske-goljufije\/#primaryimage"},"thumbnailUrl":"https:\/\/dev.pogodba.net\/wp-content\/uploads\/2023\/01\/3-AVTOMOBILSKE-GOLJUFIJE.jpg","datePublished":"2023-02-06T21:06:41+00:00","dateModified":"2023-02-06T21:10:14+00:00","breadcrumb":{"@id":"https:\/\/pogodba.net\/avtomobilske-goljufije\/#breadcrumb"},"inLanguage":"en-GB","potentialAction":[{"@type":"ReadAction","target":["https:\/\/pogodba.net\/avtomobilske-goljufije\/"]}]},{"@type":"ImageObject","inLanguage":"en-GB","@id":"https:\/\/pogodba.net\/avtomobilske-goljufije\/#primaryimage","url":"https:\/\/dev.pogodba.net\/wp-content\/uploads\/2023\/01\/3-AVTOMOBILSKE-GOLJUFIJE.jpg","contentUrl":"https:\/\/dev.pogodba.net\/wp-content\/uploads\/2023\/01\/3-AVTOMOBILSKE-GOLJUFIJE.jpg"},{"@type":"BreadcrumbList","@id":"https:\/\/pogodba.net\/avtomobilske-goljufije\/#breadcrumb","itemListElement":[{"@type":"ListItem","position":1,"name":"Domov","item":"https:\/\/pogodba.net\/"},{"@type":"ListItem","position":2,"name":"Avtomobilske goljufije"}]},{"@type":"WebSite","@id":"https:\/\/pogodba.net\/#website","url":"https:\/\/pogodba.net\/","name":"Contract.net","description":"Va\u0161a modra odlo\u010ditev.","publisher":{"@id":"https:\/\/pogodba.net\/#organization"},"potentialAction":[{"@type":"SearchAction","target":{"@type":"EntryPoint","urlTemplate":"https:\/\/pogodba.net\/?s={search_term_string}"},"query-input":{"@type":"PropertyValueSpecification","valueRequired":true,"valueName":"search_term_string"}}],"inLanguage":"en-GB"},{"@type":"Organization","@id":"https:\/\/pogodba.net\/#organization","name":"Contract.net","url":"https:\/\/pogodba.net\/","logo":{"@type":"ImageObject","inLanguage":"en-GB","@id":"https:\/\/pogodba.net\/#\/schema\/logo\/image\/","url":"https:\/\/pogodba.net\/wp-content\/uploads\/2021\/10\/Pogodba.net-logotip-modro-ozadje.svg","contentUrl":"https:\/\/pogodba.net\/wp-content\/uploads\/2021\/10\/Pogodba.net-logotip-modro-ozadje.svg","width":500,"height":500,"caption":"Pogodba.net"},"image":{"@id":"https:\/\/pogodba.net\/#\/schema\/logo\/image\/"},"sameAs":["https:\/\/www.facebook.com\/pogodba.net"]}]}},"_links":{"self":[{"href":"https:\/\/pogodba.net\/en\/wp-json\/wp\/v2\/pages\/3453","targetHints":{"allow":["GET"]}}],"collection":[{"href":"https:\/\/pogodba.net\/en\/wp-json\/wp\/v2\/pages"}],"about":[{"href":"https:\/\/pogodba.net\/en\/wp-json\/wp\/v2\/types\/page"}],"author":[{"embeddable":true,"href":"https:\/\/pogodba.net\/en\/wp-json\/wp\/v2\/users\/1"}],"replies":[{"embeddable":true,"href":"https:\/\/pogodba.net\/en\/wp-json\/wp\/v2\/comments?post=3453"}],"version-history":[{"count":0,"href":"https:\/\/pogodba.net\/en\/wp-json\/wp\/v2\/pages\/3453\/revisions"}],"wp:attachment":[{"href":"https:\/\/pogodba.net\/en\/wp-json\/wp\/v2\/media?parent=3453"}],"curies":[{"name":"wp","href":"https:\/\/api.w.org\/{rel}","templated":true}]}}